{"id":9072,"date":"2024-11-13T16:03:14","date_gmt":"2024-11-13T15:03:14","guid":{"rendered":"https:\/\/cottoetrusco.it\/sp-cifications-tecnique\/"},"modified":"2025-02-27T22:00:41","modified_gmt":"2025-02-27T21:00:41","slug":"sp-cifications-tecnique","status":"publish","type":"page","link":"https:\/\/cottoetrusco.it\/fr\/sp-cifications-tecnique\/","title":{"rendered":"SP\u00c9CIFICATIONS TECNIQUE"},"content":{"rendered":"<p><span style=\"font-family: 'PT Sans'; font-size: 18pt;\">T\u00e9l\u00e9charger les PDF :<\/span><\/p>\n<p><span style=\"font-family: 'PT Sans'; font-size: 18pt;\"><a href=\"https:\/\/cottoetrusco.it\/wp-content\/uploads\/2024\/12\/COTTO-ETRUSCO_SPECIFICATIONS-TECHNIQUE-TECHNICAL-FEATURES-2024.pdf\">COTTO ETRUSCO_SPECIFICATIONS TECHNIQUE 2024<\/a><\/span><\/p>\n<p><span style=\"font-family: 'PT Sans'; font-size: 18pt;\"><a href=\"https:\/\/cottoetrusco.it\/wp-content\/uploads\/2025\/02\/COTTO-ETRUSCO_SCHEDE-TECNICHE-TECHNICAL-DATA-SHEETS.pdf\">COTTO ETRUSCO_FICHES TECHNIQUES<\/a><\/span><\/p>\n<p><span style=\"font-family: 'PT Sans'; font-size: 18pt;\"><a href=\"https:\/\/cottoetrusco.it\/wp-content\/uploads\/2025\/02\/COTTO-ETRUSCO-CARE-ITAENGFRE.pdf\">COTTO ETRUSCO CARE<\/a><\/span><\/p>\n","protected":false},"excerpt":{"rendered":"<p>T\u00e9l\u00e9charger les PDF : COTTO ETRUSCO_SPECIFICATIONS TECHNIQUE 2024 COTTO ETRUSCO_FICHES TECHNIQUES COTTO ETRUSCO CARE<\/p>\n","protected":false},"author":3,"featured_media":0,"parent":0,"menu_order":0,"comment_status":"closed","ping_status":"closed","template":"","meta":{"footnotes":""},"class_list":{"0":"post-9072","1":"page","2":"type-page","3":"status-publish","4":"hentry","5":"entry","6":"clearfix","7":"entry-grid","8":"entry-columns-default","9":"entry-page-module-layout-standard","10":"no-post-thumbnail","11":"entry-page","13":"entry-page-grid"},"yoast_head":"<!-- This site is optimized with the Yoast SEO plugin v19.9 - https:\/\/yoast.com\/wordpress\/plugins\/seo\/ -->\n<title>SP\u00c9CIFICATIONS TECNIQUE | Cotto Etrusco<\/title>\n<meta name=\"robots\" content=\"index, follow, max-snippet:-1, max-image-preview:large, max-video-preview:-1\" \/>\n<link rel=\"canonical\" href=\"https:\/\/cottoetrusco.it\/fr\/sp-cifications-tecnique\/\" \/>\n<meta property=\"og:locale\" content=\"fr_FR\" \/>\n<meta property=\"og:type\" content=\"article\" \/>\n<meta property=\"og:title\" content=\"SP\u00c9CIFICATIONS TECNIQUE | Cotto Etrusco\" \/>\n<meta property=\"og:description\" content=\"T\u00e9l\u00e9charger les PDF : COTTO ETRUSCO_SPECIFICATIONS TECHNIQUE 2024 COTTO ETRUSCO_FICHES TECHNIQUES COTTO ETRUSCO CARE\" \/>\n<meta property=\"og:url\" content=\"https:\/\/cottoetrusco.it\/fr\/sp-cifications-tecnique\/\" \/>\n<meta property=\"og:site_name\" content=\"Cotto Etrusco\" \/>\n<meta property=\"article:publisher\" content=\"https:\/\/www.facebook.com\/cottoetrusco\/\" \/>\n<meta property=\"article:modified_time\" content=\"2025-02-27T21:00:41+00:00\" \/>\n<meta name=\"twitter:card\" content=\"summary_large_image\" \/>\n<meta name=\"twitter:label1\" content=\"Dur\u00e9e de lecture estim\u00e9e\" \/>\n\t<meta name=\"twitter:data1\" content=\"1 minute\" \/>\n<script type=\"application\/ld+json\" class=\"yoast-schema-graph\">{\"@context\":\"https:\/\/schema.org\",\"@graph\":[{\"@type\":\"WebPage\",\"@id\":\"https:\/\/cottoetrusco.it\/fr\/sp-cifications-tecnique\/\",\"url\":\"https:\/\/cottoetrusco.it\/fr\/sp-cifications-tecnique\/\",\"name\":\"SP\u00c9CIFICATIONS TECNIQUE | Cotto Etrusco\",\"isPartOf\":{\"@id\":\"https:\/\/cottoetrusco.it\/#website\"},\"datePublished\":\"2024-11-13T15:03:14+00:00\",\"dateModified\":\"2025-02-27T21:00:41+00:00\",\"breadcrumb\":{\"@id\":\"https:\/\/cottoetrusco.it\/fr\/sp-cifications-tecnique\/#breadcrumb\"},\"inLanguage\":\"fr-FR\",\"potentialAction\":[{\"@type\":\"ReadAction\",\"target\":[\"https:\/\/cottoetrusco.it\/fr\/sp-cifications-tecnique\/\"]}]},{\"@type\":\"BreadcrumbList\",\"@id\":\"https:\/\/cottoetrusco.it\/fr\/sp-cifications-tecnique\/#breadcrumb\",\"itemListElement\":[{\"@type\":\"ListItem\",\"position\":1,\"name\":\"Home\",\"item\":\"https:\/\/cottoetrusco.it\/fr\/\"},{\"@type\":\"ListItem\",\"position\":2,\"name\":\"SP\u00c9CIFICATIONS TECNIQUE\"}]},{\"@type\":\"WebSite\",\"@id\":\"https:\/\/cottoetrusco.it\/#website\",\"url\":\"https:\/\/cottoetrusco.it\/\",\"name\":\"Cotto Etrusco\",\"description\":\"Perfect Imperfections\",\"publisher\":{\"@id\":\"https:\/\/cottoetrusco.it\/#organization\"},\"potentialAction\":[{\"@type\":\"SearchAction\",\"target\":{\"@type\":\"EntryPoint\",\"urlTemplate\":\"https:\/\/cottoetrusco.it\/?s={search_term_string}\"},\"query-input\":\"required name=search_term_string\"}],\"inLanguage\":\"fr-FR\"},{\"@type\":\"Organization\",\"@id\":\"https:\/\/cottoetrusco.it\/#organization\",\"name\":\"Cotto Etrusco\",\"url\":\"https:\/\/cottoetrusco.it\/\",\"logo\":{\"@type\":\"ImageObject\",\"inLanguage\":\"fr-FR\",\"@id\":\"https:\/\/cottoetrusco.it\/#\/schema\/logo\/image\/\",\"url\":\"https:\/\/cottoetrusco.it\/wp-content\/uploads\/2022\/03\/CottoEtruscoBlu.png\",\"contentUrl\":\"https:\/\/cottoetrusco.it\/wp-content\/uploads\/2022\/03\/CottoEtruscoBlu.png\",\"width\":800,\"height\":348,\"caption\":\"Cotto Etrusco\"},\"image\":{\"@id\":\"https:\/\/cottoetrusco.it\/#\/schema\/logo\/image\/\"},\"sameAs\":[\"https:\/\/www.facebook.com\/cottoetrusco\/\"]}]}<\/script>\n<!-- \/ Yoast SEO plugin. -->","yoast_head_json":{"title":"SP\u00c9CIFICATIONS TECNIQUE | Cotto Etrusco","robots":{"index":"index","follow":"follow","max-snippet":"max-snippet:-1","max-image-preview":"max-image-preview:large","max-video-preview":"max-video-preview:-1"},"canonical":"https:\/\/cottoetrusco.it\/fr\/sp-cifications-tecnique\/","og_locale":"fr_FR","og_type":"article","og_title":"SP\u00c9CIFICATIONS TECNIQUE | Cotto Etrusco","og_description":"T\u00e9l\u00e9charger les PDF : COTTO ETRUSCO_SPECIFICATIONS TECHNIQUE 2024 COTTO ETRUSCO_FICHES TECHNIQUES COTTO ETRUSCO CARE","og_url":"https:\/\/cottoetrusco.it\/fr\/sp-cifications-tecnique\/","og_site_name":"Cotto Etrusco","article_publisher":"https:\/\/www.facebook.com\/cottoetrusco\/","article_modified_time":"2025-02-27T21:00:41+00:00","twitter_card":"summary_large_image","twitter_misc":{"Dur\u00e9e de lecture estim\u00e9e":"1 minute"},"schema":{"@context":"https:\/\/schema.org","@graph":[{"@type":"WebPage","@id":"https:\/\/cottoetrusco.it\/fr\/sp-cifications-tecnique\/","url":"https:\/\/cottoetrusco.it\/fr\/sp-cifications-tecnique\/","name":"SP\u00c9CIFICATIONS TECNIQUE | Cotto Etrusco","isPartOf":{"@id":"https:\/\/cottoetrusco.it\/#website"},"datePublished":"2024-11-13T15:03:14+00:00","dateModified":"2025-02-27T21:00:41+00:00","breadcrumb":{"@id":"https:\/\/cottoetrusco.it\/fr\/sp-cifications-tecnique\/#breadcrumb"},"inLanguage":"fr-FR","potentialAction":[{"@type":"ReadAction","target":["https:\/\/cottoetrusco.it\/fr\/sp-cifications-tecnique\/"]}]},{"@type":"BreadcrumbList","@id":"https:\/\/cottoetrusco.it\/fr\/sp-cifications-tecnique\/#breadcrumb","itemListElement":[{"@type":"ListItem","position":1,"name":"Home","item":"https:\/\/cottoetrusco.it\/fr\/"},{"@type":"ListItem","position":2,"name":"SP\u00c9CIFICATIONS TECNIQUE"}]},{"@type":"WebSite","@id":"https:\/\/cottoetrusco.it\/#website","url":"https:\/\/cottoetrusco.it\/","name":"Cotto Etrusco","description":"Perfect Imperfections","publisher":{"@id":"https:\/\/cottoetrusco.it\/#organization"},"potentialAction":[{"@type":"SearchAction","target":{"@type":"EntryPoint","urlTemplate":"https:\/\/cottoetrusco.it\/?s={search_term_string}"},"query-input":"required name=search_term_string"}],"inLanguage":"fr-FR"},{"@type":"Organization","@id":"https:\/\/cottoetrusco.it\/#organization","name":"Cotto Etrusco","url":"https:\/\/cottoetrusco.it\/","logo":{"@type":"ImageObject","inLanguage":"fr-FR","@id":"https:\/\/cottoetrusco.it\/#\/schema\/logo\/image\/","url":"https:\/\/cottoetrusco.it\/wp-content\/uploads\/2022\/03\/CottoEtruscoBlu.png","contentUrl":"https:\/\/cottoetrusco.it\/wp-content\/uploads\/2022\/03\/CottoEtruscoBlu.png","width":800,"height":348,"caption":"Cotto Etrusco"},"image":{"@id":"https:\/\/cottoetrusco.it\/#\/schema\/logo\/image\/"},"sameAs":["https:\/\/www.facebook.com\/cottoetrusco\/"]}]}},"_links":{"self":[{"href":"https:\/\/cottoetrusco.it\/fr\/wp-json\/wp\/v2\/pages\/9072","targetHints":{"allow":["GET"]}}],"collection":[{"href":"https:\/\/cottoetrusco.it\/fr\/wp-json\/wp\/v2\/pages"}],"about":[{"href":"https:\/\/cottoetrusco.it\/fr\/wp-json\/wp\/v2\/types\/page"}],"author":[{"embeddable":true,"href":"https:\/\/cottoetrusco.it\/fr\/wp-json\/wp\/v2\/users\/3"}],"replies":[{"embeddable":true,"href":"https:\/\/cottoetrusco.it\/fr\/wp-json\/wp\/v2\/comments?post=9072"}],"version-history":[{"count":7,"href":"https:\/\/cottoetrusco.it\/fr\/wp-json\/wp\/v2\/pages\/9072\/revisions"}],"predecessor-version":[{"id":9263,"href":"https:\/\/cottoetrusco.it\/fr\/wp-json\/wp\/v2\/pages\/9072\/revisions\/9263"}],"wp:attachment":[{"href":"https:\/\/cottoetrusco.it\/fr\/wp-json\/wp\/v2\/media?parent=9072"}],"curies":[{"name":"wp","href":"https:\/\/api.w.org\/{rel}","templated":true}]}}