{"id":8534,"date":"2022-07-12T10:34:44","date_gmt":"2022-07-12T08:34:44","guid":{"rendered":"https:\/\/cottoetrusco.it\/portfolio\/"},"modified":"2022-09-27T14:56:37","modified_gmt":"2022-09-27T12:56:37","slug":"portfolio","status":"publish","type":"page","link":"https:\/\/cottoetrusco.it\/fr\/portfolio\/","title":{"rendered":"Portfolio"},"content":{"rendered":"<p>[vc_row content_width=\u00a0\u00bbfull\u00a0\u00bb equal_height=\u00a0\u00bb\u00a0\u00bb shift_y=\u00a0\u00bb0&Prime; z_index=\u00a0\u00bb0&Prime;][vc_column][vc_gallery type=\u00a0\u00bbmosaic\u00a0\u00bb img_padding=\u00a0\u00bbno\u00a0\u00bb css_animation_each=\u00a0\u00bbtrue\u00a0\u00bb css_animation=\u00a0\u00bbfade\u00a0\u00bb images=\u00a0\u00bb6766,6767,6768,6769,6770,6771,6772,6773,6774,6775,6776,6777,6778,6779,6780,6781,6782,6783,6784,6785,6786,6787,6788,6789,6790,6791,6792,6793,6794,6795,6796,6797,6798,6799&Prime;][\/vc_column][\/vc_row]<\/p>\n","protected":false},"excerpt":{"rendered":"<p>[vc_row content_width=\u00a0\u00bbfull\u00a0\u00bb equal_height=\u00a0\u00bb\u00a0\u00bb shift_y=\u00a0\u00bb0&Prime; z_index=\u00a0\u00bb0&Prime;][vc_column][vc_gallery type=\u00a0\u00bbmosaic\u00a0\u00bb img_padding=\u00a0\u00bbno\u00a0\u00bb css_animation_each=\u00a0\u00bbtrue\u00a0\u00bb css_animation=\u00a0\u00bbfade\u00a0\u00bb images=\u00a0\u00bb6766,6767,6768,6769,6770,6771,6772,6773,6774,6775,6776,6777,6778,6779,6780,6781,6782,6783,6784,6785,6786,6787,6788,6789,6790,6791,6792,6793,6794,6795,6796,6797,6798,6799&Prime;][\/vc_column][\/vc_row]<\/p>\n","protected":false},"author":1,"featured_media":0,"parent":0,"menu_order":0,"comment_status":"closed","ping_status":"closed","template":"","meta":{"footnotes":""},"class_list":{"0":"post-8534","1":"page","2":"type-page","3":"status-publish","4":"hentry","5":"entry","6":"clearfix","7":"entry-grid","8":"entry-columns-default","9":"entry-page-module-layout-standard","10":"no-post-thumbnail","11":"entry-page","13":"entry-page-grid"},"yoast_head":"<!-- This site is optimized with the Yoast SEO plugin v19.9 - https:\/\/yoast.com\/wordpress\/plugins\/seo\/ -->\n<title>Les cr\u00e9ations | Cotto Etrusco<\/title>\n<meta name=\"description\" content=\"Nos designers, en collaboration avec des ma\u00eetres artisans experts, cr\u00e9ent des produits de qualit\u00e9 uniques avec des finitions et des solutions de couleurs raffin\u00e9es.\" \/>\n<meta name=\"robots\" content=\"index, follow, max-snippet:-1, max-image-preview:large, max-video-preview:-1\" \/>\n<link rel=\"canonical\" href=\"https:\/\/cottoetrusco.it\/fr\/portfolio\/\" \/>\n<meta property=\"og:locale\" content=\"fr_FR\" \/>\n<meta property=\"og:type\" content=\"article\" \/>\n<meta property=\"og:title\" content=\"Les cr\u00e9ations | Cotto Etrusco\" \/>\n<meta property=\"og:description\" content=\"Nos designers, en collaboration avec des ma\u00eetres artisans experts, cr\u00e9ent des produits de qualit\u00e9 uniques avec des finitions et des solutions de couleurs raffin\u00e9es.\" \/>\n<meta property=\"og:url\" content=\"https:\/\/cottoetrusco.it\/fr\/portfolio\/\" \/>\n<meta property=\"og:site_name\" content=\"Cotto Etrusco\" \/>\n<meta property=\"article:publisher\" content=\"https:\/\/www.facebook.com\/cottoetrusco\/\" \/>\n<meta property=\"article:modified_time\" content=\"2022-09-27T12:56:37+00:00\" \/>\n<meta name=\"twitter:card\" content=\"summary_large_image\" \/>\n<script type=\"application\/ld+json\" class=\"yoast-schema-graph\">{\"@context\":\"https:\/\/schema.org\",\"@graph\":[{\"@type\":\"WebPage\",\"@id\":\"https:\/\/cottoetrusco.it\/fr\/portfolio\/\",\"url\":\"https:\/\/cottoetrusco.it\/fr\/portfolio\/\",\"name\":\"Les cr\u00e9ations | Cotto Etrusco\",\"isPartOf\":{\"@id\":\"https:\/\/cottoetrusco.it\/#website\"},\"datePublished\":\"2022-07-12T08:34:44+00:00\",\"dateModified\":\"2022-09-27T12:56:37+00:00\",\"description\":\"Nos designers, en collaboration avec des ma\u00eetres artisans experts, cr\u00e9ent des produits de qualit\u00e9 uniques avec des finitions et des solutions de couleurs raffin\u00e9es.\",\"breadcrumb\":{\"@id\":\"https:\/\/cottoetrusco.it\/fr\/portfolio\/#breadcrumb\"},\"inLanguage\":\"fr-FR\",\"potentialAction\":[{\"@type\":\"ReadAction\",\"target\":[\"https:\/\/cottoetrusco.it\/fr\/portfolio\/\"]}]},{\"@type\":\"BreadcrumbList\",\"@id\":\"https:\/\/cottoetrusco.it\/fr\/portfolio\/#breadcrumb\",\"itemListElement\":[{\"@type\":\"ListItem\",\"position\":1,\"name\":\"Home\",\"item\":\"https:\/\/cottoetrusco.it\/fr\/\"},{\"@type\":\"ListItem\",\"position\":2,\"name\":\"Portfolio\"}]},{\"@type\":\"WebSite\",\"@id\":\"https:\/\/cottoetrusco.it\/#website\",\"url\":\"https:\/\/cottoetrusco.it\/\",\"name\":\"Cotto Etrusco\",\"description\":\"Perfect Imperfections\",\"publisher\":{\"@id\":\"https:\/\/cottoetrusco.it\/#organization\"},\"potentialAction\":[{\"@type\":\"SearchAction\",\"target\":{\"@type\":\"EntryPoint\",\"urlTemplate\":\"https:\/\/cottoetrusco.it\/?s={search_term_string}\"},\"query-input\":\"required name=search_term_string\"}],\"inLanguage\":\"fr-FR\"},{\"@type\":\"Organization\",\"@id\":\"https:\/\/cottoetrusco.it\/#organization\",\"name\":\"Cotto Etrusco\",\"url\":\"https:\/\/cottoetrusco.it\/\",\"logo\":{\"@type\":\"ImageObject\",\"inLanguage\":\"fr-FR\",\"@id\":\"https:\/\/cottoetrusco.it\/#\/schema\/logo\/image\/\",\"url\":\"https:\/\/cottoetrusco.it\/wp-content\/uploads\/2022\/03\/CottoEtruscoBlu.png\",\"contentUrl\":\"https:\/\/cottoetrusco.it\/wp-content\/uploads\/2022\/03\/CottoEtruscoBlu.png\",\"width\":800,\"height\":348,\"caption\":\"Cotto Etrusco\"},\"image\":{\"@id\":\"https:\/\/cottoetrusco.it\/#\/schema\/logo\/image\/\"},\"sameAs\":[\"https:\/\/www.facebook.com\/cottoetrusco\/\"]}]}<\/script>\n<!-- \/ Yoast SEO plugin. -->","yoast_head_json":{"title":"Les cr\u00e9ations | Cotto Etrusco","description":"Nos designers, en collaboration avec des ma\u00eetres artisans experts, cr\u00e9ent des produits de qualit\u00e9 uniques avec des finitions et des solutions de couleurs raffin\u00e9es.","robots":{"index":"index","follow":"follow","max-snippet":"max-snippet:-1","max-image-preview":"max-image-preview:large","max-video-preview":"max-video-preview:-1"},"canonical":"https:\/\/cottoetrusco.it\/fr\/portfolio\/","og_locale":"fr_FR","og_type":"article","og_title":"Les cr\u00e9ations | Cotto Etrusco","og_description":"Nos designers, en collaboration avec des ma\u00eetres artisans experts, cr\u00e9ent des produits de qualit\u00e9 uniques avec des finitions et des solutions de couleurs raffin\u00e9es.","og_url":"https:\/\/cottoetrusco.it\/fr\/portfolio\/","og_site_name":"Cotto Etrusco","article_publisher":"https:\/\/www.facebook.com\/cottoetrusco\/","article_modified_time":"2022-09-27T12:56:37+00:00","twitter_card":"summary_large_image","schema":{"@context":"https:\/\/schema.org","@graph":[{"@type":"WebPage","@id":"https:\/\/cottoetrusco.it\/fr\/portfolio\/","url":"https:\/\/cottoetrusco.it\/fr\/portfolio\/","name":"Les cr\u00e9ations | Cotto Etrusco","isPartOf":{"@id":"https:\/\/cottoetrusco.it\/#website"},"datePublished":"2022-07-12T08:34:44+00:00","dateModified":"2022-09-27T12:56:37+00:00","description":"Nos designers, en collaboration avec des ma\u00eetres artisans experts, cr\u00e9ent des produits de qualit\u00e9 uniques avec des finitions et des solutions de couleurs raffin\u00e9es.","breadcrumb":{"@id":"https:\/\/cottoetrusco.it\/fr\/portfolio\/#breadcrumb"},"inLanguage":"fr-FR","potentialAction":[{"@type":"ReadAction","target":["https:\/\/cottoetrusco.it\/fr\/portfolio\/"]}]},{"@type":"BreadcrumbList","@id":"https:\/\/cottoetrusco.it\/fr\/portfolio\/#breadcrumb","itemListElement":[{"@type":"ListItem","position":1,"name":"Home","item":"https:\/\/cottoetrusco.it\/fr\/"},{"@type":"ListItem","position":2,"name":"Portfolio"}]},{"@type":"WebSite","@id":"https:\/\/cottoetrusco.it\/#website","url":"https:\/\/cottoetrusco.it\/","name":"Cotto Etrusco","description":"Perfect Imperfections","publisher":{"@id":"https:\/\/cottoetrusco.it\/#organization"},"potentialAction":[{"@type":"SearchAction","target":{"@type":"EntryPoint","urlTemplate":"https:\/\/cottoetrusco.it\/?s={search_term_string}"},"query-input":"required name=search_term_string"}],"inLanguage":"fr-FR"},{"@type":"Organization","@id":"https:\/\/cottoetrusco.it\/#organization","name":"Cotto Etrusco","url":"https:\/\/cottoetrusco.it\/","logo":{"@type":"ImageObject","inLanguage":"fr-FR","@id":"https:\/\/cottoetrusco.it\/#\/schema\/logo\/image\/","url":"https:\/\/cottoetrusco.it\/wp-content\/uploads\/2022\/03\/CottoEtruscoBlu.png","contentUrl":"https:\/\/cottoetrusco.it\/wp-content\/uploads\/2022\/03\/CottoEtruscoBlu.png","width":800,"height":348,"caption":"Cotto Etrusco"},"image":{"@id":"https:\/\/cottoetrusco.it\/#\/schema\/logo\/image\/"},"sameAs":["https:\/\/www.facebook.com\/cottoetrusco\/"]}]}},"_links":{"self":[{"href":"https:\/\/cottoetrusco.it\/fr\/wp-json\/wp\/v2\/pages\/8534","targetHints":{"allow":["GET"]}}],"collection":[{"href":"https:\/\/cottoetrusco.it\/fr\/wp-json\/wp\/v2\/pages"}],"about":[{"href":"https:\/\/cottoetrusco.it\/fr\/wp-json\/wp\/v2\/types\/page"}],"author":[{"embeddable":true,"href":"https:\/\/cottoetrusco.it\/fr\/wp-json\/wp\/v2\/users\/1"}],"replies":[{"embeddable":true,"href":"https:\/\/cottoetrusco.it\/fr\/wp-json\/wp\/v2\/comments?post=8534"}],"version-history":[{"count":1,"href":"https:\/\/cottoetrusco.it\/fr\/wp-json\/wp\/v2\/pages\/8534\/revisions"}],"predecessor-version":[{"id":8535,"href":"https:\/\/cottoetrusco.it\/fr\/wp-json\/wp\/v2\/pages\/8534\/revisions\/8535"}],"wp:attachment":[{"href":"https:\/\/cottoetrusco.it\/fr\/wp-json\/wp\/v2\/media?parent=8534"}],"curies":[{"name":"wp","href":"https:\/\/api.w.org\/{rel}","templated":true}]}}