{"id":8529,"date":"2022-07-11T10:57:06","date_gmt":"2022-07-11T08:57:06","guid":{"rendered":"https:\/\/cottoetrusco.it\/contacts\/"},"modified":"2022-10-03T15:15:26","modified_gmt":"2022-10-03T13:15:26","slug":"contacts","status":"publish","type":"page","link":"https:\/\/cottoetrusco.it\/fr\/contacts\/","title":{"rendered":"Contacts"},"content":{"rendered":"<p>[vc_row content_width=\u00a0\u00bbsmall\u00a0\u00bb equal_height=\u00a0\u00bb\u00a0\u00bb hide_class=\u00a0\u00bbwvc-hide-tablet\u00a0\u00bb background_type=\u00a0\u00bbimage\u00a0\u00bb background_color=\u00a0\u00bbblack\u00a0\u00bb background_img=\u00a0\u00bb6496&Prime; background_effect=\u00a0\u00bbparallax\u00a0\u00bb background_img_lazyload=\u00a0\u00bb1&Prime; add_overlay=\u00a0\u00bbyes\u00a0\u00bb overlay_opacity=\u00a0\u00bb60&Prime; shift_y=\u00a0\u00bb0&Prime; z_index=\u00a0\u00bb0&Prime;][vc_column][vc_row_inner css=\u00a0\u00bb.vc_custom_1657532780039{margin-bottom: 0px !important;padding-bottom: px !important;}\u00a0\u00bb][vc_column_inner width=\u00a0\u00bb2\/3&Prime;][wvc_list i_type=\u00a0\u00bblinea-icons\u00a0\u00bb i_icon_linea-icons=\u00a0\u00bblinea-arrows-circle-left\u00a0\u00bb icon_color=\u00a0\u00bblightergrey\u00a0\u00bb]<\/p>\n<ul>\n<li>COTTO ETRUSCO\u00ae &#8211; Materia + Srl<\/li>\n<li>Zona Ind.le S.M.di Sette \u2013 06014 Montone PG &#8211; Italy<\/li>\n<li>info@cottoetrusco.it<\/li>\n<li>+39 075 9417664<\/li>\n<li>P.Iva 03254100542<\/li>\n<\/ul>\n<p>[\/wvc_list][\/vc_column_inner][vc_column_inner width=\u00a0\u00bb1\/3&Prime;][vc_single_image image=\u00a0\u00bb6625&Prime; img_size=\u00a0\u00bbcustom\u00a0\u00bb full_width=\u00a0\u00bb\u00a0\u00bb text_align_mobile=\u00a0\u00bbcenter\u00a0\u00bb opacity=\u00a0\u00bb100&Prime; custom_img_size=\u00a0\u00bb184&#215;193&Prime;][\/vc_column_inner][\/vc_row_inner][vc_row_inner css=\u00a0\u00bb.vc_custom_1657533936053{margin-top: 80px !important;margin-bottom: 0px !important;padding-bottom: px !important;}\u00a0\u00bb][vc_column_inner][vc_icon type=\u00a0\u00bblinea-icons\u00a0\u00bb icon_linea-icons=\u00a0\u00bblinea-basic-elaboration-mail-pencil\u00a0\u00bb color=\u00a0\u00bblightergrey\u00a0\u00bb title_tag=\u00a0\u00bbh4&Prime; title=\u00a0\u00bbPour plus d&rsquo;informations sur nos collections, remplissez le formulaire ci-dessous.\u00a0\u00bb title_font_size=\u00a0\u00bb16px\u00a0\u00bb][\/vc_column_inner][\/vc_row_inner][\/vc_column][\/vc_row][vc_row content_width=\u00a0\u00bbsmall\u00a0\u00bb equal_height=\u00a0\u00bb\u00a0\u00bb hide_class=\u00a0\u00bbwvc-show-tablet\u00a0\u00bb background_type=\u00a0\u00bbimage\u00a0\u00bb background_color=\u00a0\u00bbblack\u00a0\u00bb background_img=\u00a0\u00bb6496&Prime; background_effect=\u00a0\u00bbzoomin\u00a0\u00bb background_img_lazyload=\u00a0\u00bb1&Prime; add_overlay=\u00a0\u00bbyes\u00a0\u00bb overlay_opacity=\u00a0\u00bb60&Prime; shift_y=\u00a0\u00bb0&Prime; z_index=\u00a0\u00bb0&Prime;][vc_column][vc_row_inner css=\u00a0\u00bb.vc_custom_1657532780039{margin-bottom: 0px !important;padding-bottom: px !important;}\u00a0\u00bb][vc_column_inner][vc_single_image image=\u00a0\u00bb6625&Prime; img_size=\u00a0\u00bbcustom\u00a0\u00bb full_width=\u00a0\u00bb\u00a0\u00bb text_align_mobile=\u00a0\u00bbcenter\u00a0\u00bb opacity=\u00a0\u00bb100&Prime; custom_img_size=\u00a0\u00bb104&#215;113&Prime;][vc_column_text]<\/p>\n<p style=\"text-align: center;\"><strong>COTTO ETRUSCO\u00ae \u2013 Materia + Srl<\/strong><br \/>\nZona Ind.le S.M.di Sette<br \/>\n06014 Montone PG \u2013 Italy<br \/>\ninfo@cottoetrusco.it | +39 075 9417664<\/p>\n<p style=\"text-align: center;\">P.Iva 03254100542<\/p>\n<p>[\/vc_column_text][\/vc_column_inner][\/vc_row_inner][vc_row_inner css=\u00a0\u00bb.vc_custom_1657533936053{margin-top: 80px !important;margin-bottom: 0px !important;padding-bottom: px !important;}\u00a0\u00bb][vc_column_inner][vc_icon type=\u00a0\u00bblinea-icons\u00a0\u00bb icon_linea-icons=\u00a0\u00bblinea-basic-elaboration-mail-pencil\u00a0\u00bb color=\u00a0\u00bblightergrey\u00a0\u00bb title_tag=\u00a0\u00bbh4&Prime; title=\u00a0\u00bbPour plus d&rsquo;informations sur nos collections, remplissez le formulaire ci-dessous.\u00a0\u00bb title_font_size=\u00a0\u00bb16px\u00a0\u00bb][\/vc_column_inner][\/vc_row_inner][\/vc_column][\/vc_row][vc_row content_width=\u00a0\u00bbsmall\u00a0\u00bb equal_height=\u00a0\u00bb\u00a0\u00bb font_color=\u00a0\u00bbdark\u00a0\u00bb background_type=\u00a0\u00bbimage\u00a0\u00bb background_color=\u00a0\u00bblightergrey\u00a0\u00bb shift_y=\u00a0\u00bb0&Prime; z_index=\u00a0\u00bb0&Prime;][vc_column]\n<div class=\"wpcf7 no-js\" id=\"wpcf7-f8570-o1\" lang=\"en-US\" dir=\"ltr\" data-wpcf7-id=\"8570\">\n<div class=\"screen-reader-response\"><p role=\"status\" aria-live=\"polite\" aria-atomic=\"true\"><\/p> <ul><\/ul><\/div>\n<form action=\"\/fr\/wp-json\/wp\/v2\/pages\/8529#wpcf7-f8570-o1\" method=\"post\" class=\"wpcf7-form init\" aria-label=\"Contact form\" novalidate=\"novalidate\" data-status=\"init\">\n<div style=\"display: none;\">\n<input type=\"hidden\" name=\"_wpcf7\" value=\"8570\" \/>\n<input type=\"hidden\" name=\"_wpcf7_version\" value=\"6.0.6\" \/>\n<input type=\"hidden\" name=\"_wpcf7_locale\" value=\"en_US\" \/>\n<input type=\"hidden\" name=\"_wpcf7_unit_tag\" value=\"wpcf7-f8570-o1\" \/>\n<input type=\"hidden\" name=\"_wpcf7_container_post\" value=\"0\" \/>\n<input type=\"hidden\" name=\"_wpcf7_posted_data_hash\" value=\"\" \/>\n<input type=\"hidden\" name=\"_wpcf7_recaptcha_response\" value=\"\" \/>\n<\/div>\n<div class=\"wpcf7-inline-wrapper\">\n\t<p class=\"wpcf7-inline-field\"><span class=\"wpcf7-form-control-wrap\" data-name=\"your-firstname\"><input size=\"40\" maxlength=\"400\" class=\"wpcf7-form-control wpcf7-text wpcf7-validates-as-required\" aria-required=\"true\" aria-invalid=\"false\" placeholder=\"Nom\" value=\"\" type=\"text\" name=\"your-firstname\" \/><\/span>\n\t<\/p>\n\t<p class=\"wpcf7-inline-field\"><span class=\"wpcf7-form-control-wrap\" data-name=\"your-lastname\"><input size=\"40\" maxlength=\"400\" class=\"wpcf7-form-control wpcf7-text wpcf7-validates-as-required\" aria-required=\"true\" aria-invalid=\"false\" placeholder=\"Pr\u00e9nom\" value=\"\" type=\"text\" name=\"your-lastname\" \/><\/span>\n\t<\/p>\n<\/div>\n<div class=\"wpcf7-inline-wrapper\">\n\t<p class=\"wpcf7-inline-field\"><span class=\"wpcf7-form-control-wrap\" data-name=\"your-email\"><input size=\"40\" maxlength=\"400\" class=\"wpcf7-form-control wpcf7-email wpcf7-validates-as-required wpcf7-text wpcf7-validates-as-email\" aria-required=\"true\" aria-invalid=\"false\" placeholder=\"Courrier\" value=\"\" type=\"email\" name=\"your-email\" \/><\/span>\n\t<\/p>\n\t<p class=\"wpcf7-inline-field\"><span class=\"wpcf7-form-control-wrap\" data-name=\"tel-346\"><input size=\"40\" maxlength=\"400\" class=\"wpcf7-form-control wpcf7-tel wpcf7-validates-as-required wpcf7-text wpcf7-validates-as-tel\" aria-required=\"true\" aria-invalid=\"false\" placeholder=\"t\u00e9l\u00e9phoner\" value=\"\" type=\"tel\" name=\"tel-346\" \/><\/span>\n\t<\/p>\n<\/div>\n<p><span class=\"wpcf7-form-control-wrap\" data-name=\"your-message\"><textarea cols=\"40\" rows=\"10\" maxlength=\"2000\" class=\"wpcf7-form-control wpcf7-textarea\" aria-invalid=\"false\" placeholder=\"Message\" name=\"your-message\"><\/textarea><\/span>\n<\/p>\n<p class=\"wpcf7-field-no-margin\">\n<\/p>\n<p class=\"wpcf7-field-no-margin\"><span class=\"wpcf7-form-control-wrap\" data-name=\"acceptance-917\"><span class=\"wpcf7-form-control wpcf7-acceptance optional\"><span class=\"wpcf7-list-item\"><label><input type=\"checkbox\" name=\"acceptance-917\" value=\"1\" aria-invalid=\"false\" \/><span class=\"wpcf7-list-item-label\">J'accepte les conditions d\u00e9crites dans la politique de confidentialit\u00e9 de ce site.<\/span><\/label><\/span><\/span><\/span>\n<\/p>\n<p><input class=\"wpcf7-form-control wpcf7-submit has-spinner wpcf7-button-fullwidth\" type=\"submit\" value=\"Send\" \/>\n<\/p><div class=\"wpcf7-response-output\" aria-hidden=\"true\"><\/div>\n<\/form>\n<\/div>\n[\/vc_column][\/vc_row]<\/p>\n","protected":false},"excerpt":{"rendered":"<p>[vc_row content_width=\u00a0\u00bbsmall\u00a0\u00bb equal_height=\u00a0\u00bb\u00a0\u00bb hide_class=\u00a0\u00bbwvc-hide-tablet\u00a0\u00bb background_type=\u00a0\u00bbimage\u00a0\u00bb background_color=\u00a0\u00bbblack\u00a0\u00bb background_img=\u00a0\u00bb6496&Prime; background_effect=\u00a0\u00bbparallax\u00a0\u00bb background_img_lazyload=\u00a0\u00bb1&Prime; add_overlay=\u00a0\u00bbyes\u00a0\u00bb overlay_opacity=\u00a0\u00bb60&Prime; shift_y=\u00a0\u00bb0&Prime; z_index=\u00a0\u00bb0&Prime;][vc_column][vc_row_inner css=\u00a0\u00bb.vc_custom_1657532780039{margin-bottom: 0px !important;padding-bottom: px !important;}\u00a0\u00bb][vc_column_inner width=\u00a0\u00bb2\/3&Prime;][wvc_list i_type=\u00a0\u00bblinea-icons\u00a0\u00bb i_icon_linea-icons=\u00a0\u00bblinea-arrows-circle-left\u00a0\u00bb icon_color=\u00a0\u00bblightergrey\u00a0\u00bb] COTTO ETRUSCO\u00ae &#8211; Materia + Srl Zona Ind.le S.M.di Sette \u2013 06014 Montone PG &#8211; Italy info@cottoetrusco.it +39 075 9417664 P.Iva 03254100542 [\/wvc_list][\/vc_column_inner][vc_column_inner width=\u00a0\u00bb1\/3&Prime;][vc_single_image image=\u00a0\u00bb6625&Prime; img_size=\u00a0\u00bbcustom\u00a0\u00bb full_width=\u00a0\u00bb\u00a0\u00bb text_align_mobile=\u00a0\u00bbcenter\u00a0\u00bb opacity=\u00a0\u00bb100&Prime; custom_img_size=\u00a0\u00bb184&#215;193&Prime;][\/vc_column_inner][\/vc_row_inner][vc_row_inner css=\u00a0\u00bb.vc_custom_1657533936053{margin-top: 80px !important;margin-bottom:&#8230;<\/p>\n<p><a rel=\"bookmark\" class=\"hares_button_alt wvc-button wvc-button-size-xs\" href=\"https:\/\/cottoetrusco.it\/fr\/contacts\/\"><span>Continue reading<\/span><\/a><\/p>\n","protected":false},"author":1,"featured_media":0,"parent":0,"menu_order":0,"comment_status":"closed","ping_status":"closed","template":"","meta":{"footnotes":""},"class_list":{"0":"post-8529","1":"page","2":"type-page","3":"status-publish","4":"hentry","5":"entry","6":"clearfix","7":"entry-grid","8":"entry-columns-default","9":"entry-page-module-layout-standard","10":"no-post-thumbnail","11":"entry-page","13":"entry-page-grid"},"yoast_head":"<!-- This site is optimized with the Yoast SEO plugin v19.9 - https:\/\/yoast.com\/wordpress\/plugins\/seo\/ -->\n<title>Contacts | Cotto Etrusco<\/title>\n<meta name=\"description\" content=\"D\u00e9couvrez les sols et les murs raffin\u00e9s du grand showroom CottoEtrusco. Qualit\u00e9 et Design exclusivement Made in Italy.\" \/>\n<meta name=\"robots\" content=\"index, follow, max-snippet:-1, max-image-preview:large, max-video-preview:-1\" \/>\n<link rel=\"canonical\" href=\"https:\/\/cottoetrusco.it\/fr\/contacts\/\" \/>\n<meta property=\"og:locale\" content=\"fr_FR\" \/>\n<meta property=\"og:type\" content=\"article\" \/>\n<meta property=\"og:title\" content=\"Contacts | Cotto Etrusco\" \/>\n<meta property=\"og:description\" content=\"D\u00e9couvrez les sols et les murs raffin\u00e9s du grand showroom CottoEtrusco. Qualit\u00e9 et Design exclusivement Made in Italy.\" \/>\n<meta property=\"og:url\" content=\"https:\/\/cottoetrusco.it\/fr\/contacts\/\" \/>\n<meta property=\"og:site_name\" content=\"Cotto Etrusco\" \/>\n<meta property=\"article:publisher\" content=\"https:\/\/www.facebook.com\/cottoetrusco\/\" \/>\n<meta property=\"article:modified_time\" content=\"2022-10-03T13:15:26+00:00\" \/>\n<meta name=\"twitter:card\" content=\"summary_large_image\" \/>\n<meta name=\"twitter:label1\" content=\"Dur\u00e9e de lecture estim\u00e9e\" \/>\n\t<meta name=\"twitter:data1\" content=\"1 minute\" \/>\n<script type=\"application\/ld+json\" class=\"yoast-schema-graph\">{\"@context\":\"https:\/\/schema.org\",\"@graph\":[{\"@type\":\"WebPage\",\"@id\":\"https:\/\/cottoetrusco.it\/fr\/contacts\/\",\"url\":\"https:\/\/cottoetrusco.it\/fr\/contacts\/\",\"name\":\"Contacts | Cotto Etrusco\",\"isPartOf\":{\"@id\":\"https:\/\/cottoetrusco.it\/#website\"},\"datePublished\":\"2022-07-11T08:57:06+00:00\",\"dateModified\":\"2022-10-03T13:15:26+00:00\",\"description\":\"D\u00e9couvrez les sols et les murs raffin\u00e9s du grand showroom CottoEtrusco. Qualit\u00e9 et Design exclusivement Made in Italy.\",\"breadcrumb\":{\"@id\":\"https:\/\/cottoetrusco.it\/fr\/contacts\/#breadcrumb\"},\"inLanguage\":\"fr-FR\",\"potentialAction\":[{\"@type\":\"ReadAction\",\"target\":[\"https:\/\/cottoetrusco.it\/fr\/contacts\/\"]}]},{\"@type\":\"BreadcrumbList\",\"@id\":\"https:\/\/cottoetrusco.it\/fr\/contacts\/#breadcrumb\",\"itemListElement\":[{\"@type\":\"ListItem\",\"position\":1,\"name\":\"Home\",\"item\":\"https:\/\/cottoetrusco.it\/fr\/\"},{\"@type\":\"ListItem\",\"position\":2,\"name\":\"Contacts\"}]},{\"@type\":\"WebSite\",\"@id\":\"https:\/\/cottoetrusco.it\/#website\",\"url\":\"https:\/\/cottoetrusco.it\/\",\"name\":\"Cotto Etrusco\",\"description\":\"Perfect Imperfections\",\"publisher\":{\"@id\":\"https:\/\/cottoetrusco.it\/#organization\"},\"potentialAction\":[{\"@type\":\"SearchAction\",\"target\":{\"@type\":\"EntryPoint\",\"urlTemplate\":\"https:\/\/cottoetrusco.it\/?s={search_term_string}\"},\"query-input\":\"required name=search_term_string\"}],\"inLanguage\":\"fr-FR\"},{\"@type\":\"Organization\",\"@id\":\"https:\/\/cottoetrusco.it\/#organization\",\"name\":\"Cotto Etrusco\",\"url\":\"https:\/\/cottoetrusco.it\/\",\"logo\":{\"@type\":\"ImageObject\",\"inLanguage\":\"fr-FR\",\"@id\":\"https:\/\/cottoetrusco.it\/#\/schema\/logo\/image\/\",\"url\":\"https:\/\/cottoetrusco.it\/wp-content\/uploads\/2022\/03\/CottoEtruscoBlu.png\",\"contentUrl\":\"https:\/\/cottoetrusco.it\/wp-content\/uploads\/2022\/03\/CottoEtruscoBlu.png\",\"width\":800,\"height\":348,\"caption\":\"Cotto Etrusco\"},\"image\":{\"@id\":\"https:\/\/cottoetrusco.it\/#\/schema\/logo\/image\/\"},\"sameAs\":[\"https:\/\/www.facebook.com\/cottoetrusco\/\"]}]}<\/script>\n<!-- \/ Yoast SEO plugin. -->","yoast_head_json":{"title":"Contacts | Cotto Etrusco","description":"D\u00e9couvrez les sols et les murs raffin\u00e9s du grand showroom CottoEtrusco. Qualit\u00e9 et Design exclusivement Made in Italy.","robots":{"index":"index","follow":"follow","max-snippet":"max-snippet:-1","max-image-preview":"max-image-preview:large","max-video-preview":"max-video-preview:-1"},"canonical":"https:\/\/cottoetrusco.it\/fr\/contacts\/","og_locale":"fr_FR","og_type":"article","og_title":"Contacts | Cotto Etrusco","og_description":"D\u00e9couvrez les sols et les murs raffin\u00e9s du grand showroom CottoEtrusco. Qualit\u00e9 et Design exclusivement Made in Italy.","og_url":"https:\/\/cottoetrusco.it\/fr\/contacts\/","og_site_name":"Cotto Etrusco","article_publisher":"https:\/\/www.facebook.com\/cottoetrusco\/","article_modified_time":"2022-10-03T13:15:26+00:00","twitter_card":"summary_large_image","twitter_misc":{"Dur\u00e9e de lecture estim\u00e9e":"1 minute"},"schema":{"@context":"https:\/\/schema.org","@graph":[{"@type":"WebPage","@id":"https:\/\/cottoetrusco.it\/fr\/contacts\/","url":"https:\/\/cottoetrusco.it\/fr\/contacts\/","name":"Contacts | Cotto Etrusco","isPartOf":{"@id":"https:\/\/cottoetrusco.it\/#website"},"datePublished":"2022-07-11T08:57:06+00:00","dateModified":"2022-10-03T13:15:26+00:00","description":"D\u00e9couvrez les sols et les murs raffin\u00e9s du grand showroom CottoEtrusco. Qualit\u00e9 et Design exclusivement Made in Italy.","breadcrumb":{"@id":"https:\/\/cottoetrusco.it\/fr\/contacts\/#breadcrumb"},"inLanguage":"fr-FR","potentialAction":[{"@type":"ReadAction","target":["https:\/\/cottoetrusco.it\/fr\/contacts\/"]}]},{"@type":"BreadcrumbList","@id":"https:\/\/cottoetrusco.it\/fr\/contacts\/#breadcrumb","itemListElement":[{"@type":"ListItem","position":1,"name":"Home","item":"https:\/\/cottoetrusco.it\/fr\/"},{"@type":"ListItem","position":2,"name":"Contacts"}]},{"@type":"WebSite","@id":"https:\/\/cottoetrusco.it\/#website","url":"https:\/\/cottoetrusco.it\/","name":"Cotto Etrusco","description":"Perfect Imperfections","publisher":{"@id":"https:\/\/cottoetrusco.it\/#organization"},"potentialAction":[{"@type":"SearchAction","target":{"@type":"EntryPoint","urlTemplate":"https:\/\/cottoetrusco.it\/?s={search_term_string}"},"query-input":"required name=search_term_string"}],"inLanguage":"fr-FR"},{"@type":"Organization","@id":"https:\/\/cottoetrusco.it\/#organization","name":"Cotto Etrusco","url":"https:\/\/cottoetrusco.it\/","logo":{"@type":"ImageObject","inLanguage":"fr-FR","@id":"https:\/\/cottoetrusco.it\/#\/schema\/logo\/image\/","url":"https:\/\/cottoetrusco.it\/wp-content\/uploads\/2022\/03\/CottoEtruscoBlu.png","contentUrl":"https:\/\/cottoetrusco.it\/wp-content\/uploads\/2022\/03\/CottoEtruscoBlu.png","width":800,"height":348,"caption":"Cotto Etrusco"},"image":{"@id":"https:\/\/cottoetrusco.it\/#\/schema\/logo\/image\/"},"sameAs":["https:\/\/www.facebook.com\/cottoetrusco\/"]}]}},"_links":{"self":[{"href":"https:\/\/cottoetrusco.it\/fr\/wp-json\/wp\/v2\/pages\/8529","targetHints":{"allow":["GET"]}}],"collection":[{"href":"https:\/\/cottoetrusco.it\/fr\/wp-json\/wp\/v2\/pages"}],"about":[{"href":"https:\/\/cottoetrusco.it\/fr\/wp-json\/wp\/v2\/types\/page"}],"author":[{"embeddable":true,"href":"https:\/\/cottoetrusco.it\/fr\/wp-json\/wp\/v2\/users\/1"}],"replies":[{"embeddable":true,"href":"https:\/\/cottoetrusco.it\/fr\/wp-json\/wp\/v2\/comments?post=8529"}],"version-history":[{"count":3,"href":"https:\/\/cottoetrusco.it\/fr\/wp-json\/wp\/v2\/pages\/8529\/revisions"}],"predecessor-version":[{"id":8571,"href":"https:\/\/cottoetrusco.it\/fr\/wp-json\/wp\/v2\/pages\/8529\/revisions\/8571"}],"wp:attachment":[{"href":"https:\/\/cottoetrusco.it\/fr\/wp-json\/wp\/v2\/media?parent=8529"}],"curies":[{"name":"wp","href":"https:\/\/api.w.org\/{rel}","templated":true}]}}