{"id":8523,"date":"2022-07-08T15:34:42","date_gmt":"2022-07-08T13:34:42","guid":{"rendered":"https:\/\/cottoetrusco.it\/art-et-design\/"},"modified":"2022-09-27T14:49:21","modified_gmt":"2022-09-27T12:49:21","slug":"art-et-design","status":"publish","type":"page","link":"https:\/\/cottoetrusco.it\/fr\/art-et-design\/","title":{"rendered":"Art et Design"},"content":{"rendered":"<p>[vc_row content_width=\u00a0\u00bbfull\u00a0\u00bb equal_height=\u00a0\u00bb\u00a0\u00bb hide_class=\u00a0\u00bbwvc-hide-tablet\u00a0\u00bb font_color=\u00a0\u00bbdark\u00a0\u00bb background_type=\u00a0\u00bbimage\u00a0\u00bb background_position=\u00a0\u00bbcenter top\u00a0\u00bb background_size=\u00a0\u00bbdefault\u00a0\u00bb background_img_lazyload=\u00a0\u00bb1&Prime; shift_y=\u00a0\u00bb0&Prime; z_index=\u00a0\u00bb0&Prime; css=\u00a0\u00bb.vc_custom_1657637156895{margin-top: 0px !important;margin-bottom: 0px !important;}\u00a0\u00bb][vc_column][vc_separator el_width=\u00a0\u00bb800px\u00a0\u00bb align_mobile=\u00a0\u00bbcenter\u00a0\u00bb color=\u00a0\u00bbcustom\u00a0\u00bb custom_color=\u00a0\u00bb#305868&Prime; css=\u00a0\u00bb.vc_custom_1647861914296{margin-top: 0px !important;}\u00a0\u00bb][\/vc_column][\/vc_row][vc_row content_width=\u00a0\u00bbfull\u00a0\u00bb equal_height=\u00a0\u00bb\u00a0\u00bb hide_class=\u00a0\u00bbwvc-hide-tablet\u00a0\u00bb shift_y=\u00a0\u00bb0&Prime; z_index=\u00a0\u00bb0&Prime; css=\u00a0\u00bb.vc_custom_1657638641905{margin-top: 0px !important;margin-bottom: 0px !important;padding-top: 60px !important;}\u00a0\u00bb][vc_column width=\u00a0\u00bb1\/6&Prime;][\/vc_column][vc_column width=\u00a0\u00bb2\/3&Prime;][vc_column_text css=\u00a0\u00bb.vc_custom_1657639627724{padding-right: 100px !important;padding-bottom: 0px !important;padding-left: 20px !important;}\u00a0\u00bb inline_style=\u00a0\u00bbtext-align:justify !important;\u00a0\u00bb]<\/p>\n<p style=\"text-align: justify;\"><strong><a href=\"https:\/\/cottoetrusco.it\/wp-content\/uploads\/2022\/07\/cottoetrusco_logo_colore.png\"><img loading=\"lazy\" decoding=\"async\" class=\" wp-image-6809 alignleft\" style=\"margin-left: 40px; margin-right: 60px;\" src=\"https:\/\/cottoetrusco.it\/wp-content\/uploads\/2022\/07\/cottoetrusco_logo_colore.png\" alt=\"\" width=\"243\" height=\"260\" srcset=\"https:\/\/cottoetrusco.it\/wp-content\/uploads\/2022\/07\/cottoetrusco_logo_colore.png 1192w, https:\/\/cottoetrusco.it\/wp-content\/uploads\/2022\/07\/cottoetrusco_logo_colore-280x300.png 280w, https:\/\/cottoetrusco.it\/wp-content\/uploads\/2022\/07\/cottoetrusco_logo_colore-957x1024.png 957w, https:\/\/cottoetrusco.it\/wp-content\/uploads\/2022\/07\/cottoetrusco_logo_colore-768x821.png 768w, https:\/\/cottoetrusco.it\/wp-content\/uploads\/2022\/07\/cottoetrusco_logo_colore-533x570.png 533w, https:\/\/cottoetrusco.it\/wp-content\/uploads\/2022\/07\/cottoetrusco_logo_colore-467x500.png 467w, https:\/\/cottoetrusco.it\/wp-content\/uploads\/2022\/07\/cottoetrusco_logo_colore-550x588.png 550w, https:\/\/cottoetrusco.it\/wp-content\/uploads\/2022\/07\/cottoetrusco_logo_colore-500x535.png 500w, https:\/\/cottoetrusco.it\/wp-content\/uploads\/2022\/07\/cottoetrusco_logo_colore-374x400.png 374w\" sizes=\"auto, (max-width: 243px) 100vw, 243px\" \/><\/a>COTTOETRUSCO est le fruit d\u2019une grande passion pour l\u2019art et le design.<\/strong><\/p>\n<p style=\"text-align: justify;\">Les bases solides sont dues \u00e0 la connaissance des techniques s\u00e9culaires de la grande tradition c\u00e9ramique italienne. Des techniques uniques, en partie secr\u00e8tes, red\u00e9couvertes et utilis\u00e9es avec un concept contemporain et qui sont la base de l\u2019\u00e9l\u00e9gance et de l\u2019exclusivit\u00e9 de COTTOETRUSCO.<\/p>\n<p style=\"text-align: justify;\">COTTOETRUSCO, en plus de ces exp\u00e9riences irrempla\u00e7ables, d\u00e9veloppe une autre recherche en contaminant le pass\u00e9 avec le pr\u00e9sent. Une attention particuli\u00e8re est pr\u00eat\u00e9e aux r\u00e9alit\u00e9s artistiques provenant d\u2019autres cultures avec lesquelles \u00e9tablir un contact pour proposer des solutions innovantes. Un produit unique aujourd\u2019hui mais sans limites cr\u00e9atives m\u00eame demain.<\/p>\n<p>[\/vc_column_text][\/vc_column][vc_column width=\u00a0\u00bb1\/6&Prime;][\/vc_column][\/vc_row][vc_row content_width=\u00a0\u00bbfull\u00a0\u00bb equal_height=\u00a0\u00bb\u00a0\u00bb hide_class=\u00a0\u00bbwvc-show-tablet\u00a0\u00bb shift_y=\u00a0\u00bb0&Prime; z_index=\u00a0\u00bb0&Prime; css=\u00a0\u00bb.vc_custom_1657639640250{margin-right: 0px !important;margin-left: 0px !important;padding-top: 40px !important;padding-bottom: 40px !important;}\u00a0\u00bb][vc_column][vc_column_text css=\u00a0\u00bb.vc_custom_1657288162919{padding-right: 40px !important;padding-bottom: 0px !important;padding-left: 40px !important;}\u00a0\u00bb inline_style=\u00a0\u00bbtext-align:justify !important;\u00a0\u00bb]<\/p>\n<p style=\"text-align: justify;\">COTTOETRUSCO est <strong>le fruit d\u2019une grande passion pour l\u2019art et le design<\/strong>. Les bases solides sont dues \u00e0 la connaissance des techniques s\u00e9culaires de la grande tradition c\u00e9ramique italienne.<\/p>\n<p style=\"text-align: justify;\"><strong>Des techniques uniques<\/strong>, en partie secr\u00e8tes, <strong>red\u00e9couvertes et utilis\u00e9es avec un concept contemporain<\/strong> et qui sont la base de l\u2019\u00e9l\u00e9gance et de l\u2019exclusivit\u00e9 de COTTOETRUSCO.<\/p>\n<p>[\/vc_column_text][vc_column_text css=\u00a0\u00bb.vc_custom_1657288168618{padding-right: 40px !important;padding-bottom: 0px !important;padding-left: 40px !important;}\u00a0\u00bb inline_style=\u00a0\u00bbtext-align:justify !important;\u00a0\u00bb]<\/p>\n<p style=\"text-align: justify;\">COTTOETRUSCO, en plus de ces exp\u00e9riences irrempla\u00e7ables, d\u00e9veloppe une autre recherche en contaminant le pass\u00e9 avec le pr\u00e9sent.<\/p>\n<p style=\"text-align: justify;\"><strong>Une attention particuli\u00e8re est pr\u00eat\u00e9e aux r\u00e9alit\u00e9s artistiques provenant d\u2019autres cultures<\/strong> avec lesquelles \u00e9tablir un contact pour proposer des solutions innovantes. Un produit unique aujourd\u2019hui mais sans limites cr\u00e9atives m\u00eame demain.<\/p>\n<p>[\/vc_column_text][vc_single_image image=\u00a0\u00bb6809&Prime; img_size=\u00a0\u00bbmedium\u00a0\u00bb full_width=\u00a0\u00bb\u00a0\u00bb text_align_mobile=\u00a0\u00bbcenter\u00a0\u00bb opacity=\u00a0\u00bb100&Prime;][\/vc_column][\/vc_row][vc_row][vc_column][vc_tabs tabs_align=\u00a0\u00bbcenter\u00a0\u00bb inline_style=\u00a0\u00bbbox-shadow:none !important;\u00a0\u00bb][vc_tab title=\u00a0\u00bbCOTTO ETRUSCO DESIGN AWARDS :\u00a0\u00bb tab_id=\u00a0\u00bb1657288354-1-80&Prime;][vc_column_text]<\/p>\n<p style=\"text-align: justify;\"><strong>COTTO ETRUSCO collabore avec la FONDATION CIVITELLA RANIERI<\/strong> r\u00e9alit\u00e9 culturelle internationale qui a son si\u00e8ge \u00e0 New York, <strong>et qui accueille en Ombrie depuis plus de 20 ans des artistes provenant du monde entier.<\/strong> Les premiers projets de recherches ont \u00e9t\u00e9 soign\u00e9s par GUILHERME NEUMANN, Artiste Visuel br\u00e9silien et WAFAA BILAL Artiste Visuel irakien qui vit \u00e0 New York. <strong>L&rsquo;id\u00e9e de COTTO ETRUSCO est de cr\u00e9er une commission entre techniques et alchimies s\u00e9culaires avec les avant-gardes artistiques de notre epoque<\/strong>, sans limites ni fronti\u00e8res.<\/p>\n<p style=\"text-align: justify;\">CHIOCCHINI et Partners avec la proposition G\u00e9omorphique:<br \/>\nStefano Chiocchini artiste et designer fondateur l&rsquo;ADI Umbria s&rsquo;int\u00e9resse \u00e0 de nouveaux mat\u00e9riaux et exp\u00e9rimentations pour r\u00e9aliser des solutions d&rsquo;ameublement extr\u00eamement modernes.<\/p>\n<p style=\"text-align: justify;\">Maurizio Tittarelli RUBBOLI avec les iridescences du lustre:<br \/>\nMaurizio Tittarelli Rubboli est l&rsquo;h\u00e9ritier et gardien de la technique fascinante de l&rsquo;iridescence m\u00e9tallique lanc\u00e9e par ses anc\u00eatres en 1873 et transmise jusqu&rsquo;\u00e0 nos jours. Technique raffin\u00e9e que Cotto Etrusco propose dans la prestigieuse collection LUSTRE ANTIQUE RUBBOLI 1873.<\/p>\n<p style=\"text-align: justify;\">Gabriele MENGONI avec la technique des cabochons:<br \/>\nGabriele Mengoni est passionn\u00e9 dans l&rsquo;\u00e9tude et la r\u00e9cup\u00e9ration de techniques antiques et d\u00e9su\u00e8tes, en particulier celles utilis\u00e9es dans les \u00ab\u00a0coupes \u00e0 cabochons\u00a0\u00bb au XVIe si\u00e8cle avec des finitions changeantes de Mastro Giorgio.<\/p>\n<p>[\/vc_column_text][\/vc_tab][vc_tab title=\u00a0\u00bbCOTTO ETRUSCO DESIGN AWARDS\u00a0\u00bb tab_id=\u00a0\u00bb1657288354-2-78&Prime;][vc_column_text]<\/p>\n<p style=\"text-align: justify;\">Design Awards est le nouveau projet de Cotto Etrusco qui compte r\u00e9compenser et commercialiser des propositions \u00ab\u00a0provocatrices\u00a0\u00bb faites par de jeunes designers du monde entier. Donner de la continuit\u00e9 \u00e0 la recherche et \u00e0 l&rsquo;exp\u00e9rimentation, en acceptant de nouveaux d\u00e9fis stimulants est la \u00ab\u00a0Mission\u00a0\u00bb de COTTO ETRUSCO pour r\u00e9aliser des surfaces uniques.<\/p>\n<p>[\/vc_column_text][\/vc_tab][\/vc_tabs][\/vc_column][\/vc_row]<\/p>\n","protected":false},"excerpt":{"rendered":"<p>[vc_row content_width=\u00a0\u00bbfull\u00a0\u00bb equal_height=\u00a0\u00bb\u00a0\u00bb hide_class=\u00a0\u00bbwvc-hide-tablet\u00a0\u00bb font_color=\u00a0\u00bbdark\u00a0\u00bb background_type=\u00a0\u00bbimage\u00a0\u00bb background_position=\u00a0\u00bbcenter top\u00a0\u00bb background_size=\u00a0\u00bbdefault\u00a0\u00bb background_img_lazyload=\u00a0\u00bb1&Prime; shift_y=\u00a0\u00bb0&Prime; z_index=\u00a0\u00bb0&Prime; css=\u00a0\u00bb.vc_custom_1657637156895{margin-top: 0px !important;margin-bottom: 0px !important;}\u00a0\u00bb][vc_column][vc_separator el_width=\u00a0\u00bb800px\u00a0\u00bb align_mobile=\u00a0\u00bbcenter\u00a0\u00bb color=\u00a0\u00bbcustom\u00a0\u00bb custom_color=\u00a0\u00bb#305868&Prime; css=\u00a0\u00bb.vc_custom_1647861914296{margin-top: 0px !important;}\u00a0\u00bb][\/vc_column][\/vc_row][vc_row content_width=\u00a0\u00bbfull\u00a0\u00bb equal_height=\u00a0\u00bb\u00a0\u00bb hide_class=\u00a0\u00bbwvc-hide-tablet\u00a0\u00bb shift_y=\u00a0\u00bb0&Prime; z_index=\u00a0\u00bb0&Prime; css=\u00a0\u00bb.vc_custom_1657638641905{margin-top: 0px !important;margin-bottom: 0px !important;padding-top: 60px !important;}\u00a0\u00bb][vc_column width=\u00a0\u00bb1\/6&Prime;][\/vc_column][vc_column width=\u00a0\u00bb2\/3&Prime;][vc_column_text css=\u00a0\u00bb.vc_custom_1657639627724{padding-right: 100px !important;padding-bottom: 0px !important;padding-left: 20px !important;}\u00a0\u00bb inline_style=\u00a0\u00bbtext-align:justify !important;\u00a0\u00bb] COTTOETRUSCO est le fruit d\u2019une grande passion pour&#8230;<\/p>\n<p><a rel=\"bookmark\" class=\"hares_button_alt wvc-button wvc-button-size-xs\" href=\"https:\/\/cottoetrusco.it\/fr\/art-et-design\/\"><span>Continue reading<\/span><\/a><\/p>\n","protected":false},"author":1,"featured_media":0,"parent":0,"menu_order":0,"comment_status":"closed","ping_status":"closed","template":"","meta":{"footnotes":""},"class_list":{"0":"post-8523","1":"page","2":"type-page","3":"status-publish","4":"hentry","5":"entry","6":"clearfix","7":"entry-grid","8":"entry-columns-default","9":"entry-page-module-layout-standard","10":"no-post-thumbnail","11":"entry-page","13":"entry-page-grid"},"yoast_head":"<!-- This site is optimized with the Yoast SEO plugin v19.9 - https:\/\/yoast.com\/wordpress\/plugins\/seo\/ -->\n<title>Art et Design | Cotto Etrusco<\/title>\n<meta name=\"description\" content=\"Des techniques uniques, en partie secr\u00e8tes, red\u00e9couvertes et utilis\u00e9es avec un concept contemporain et qui sont la base de l\u2019\u00e9l\u00e9gance et de l\u2019exclusivit\u00e9 de COTTOETRUSCO.\" \/>\n<meta name=\"robots\" content=\"index, follow, max-snippet:-1, max-image-preview:large, max-video-preview:-1\" \/>\n<link rel=\"canonical\" href=\"https:\/\/cottoetrusco.it\/fr\/art-et-design\/\" \/>\n<meta property=\"og:locale\" content=\"fr_FR\" \/>\n<meta property=\"og:type\" content=\"article\" \/>\n<meta property=\"og:title\" content=\"Art et Design | Cotto Etrusco\" \/>\n<meta property=\"og:description\" content=\"Des techniques uniques, en partie secr\u00e8tes, red\u00e9couvertes et utilis\u00e9es avec un concept contemporain et qui sont la base de l\u2019\u00e9l\u00e9gance et de l\u2019exclusivit\u00e9 de COTTOETRUSCO.\" \/>\n<meta property=\"og:url\" content=\"https:\/\/cottoetrusco.it\/fr\/art-et-design\/\" \/>\n<meta property=\"og:site_name\" content=\"Cotto Etrusco\" \/>\n<meta property=\"article:publisher\" content=\"https:\/\/www.facebook.com\/cottoetrusco\/\" \/>\n<meta property=\"article:modified_time\" content=\"2022-09-27T12:49:21+00:00\" \/>\n<meta property=\"og:image\" content=\"https:\/\/cottoetrusco.it\/wp-content\/uploads\/2022\/07\/cottoetrusco_logo_colore.png\" \/>\n<meta name=\"twitter:card\" content=\"summary_large_image\" \/>\n<meta name=\"twitter:label1\" content=\"Dur\u00e9e de lecture estim\u00e9e\" \/>\n\t<meta name=\"twitter:data1\" content=\"4 minutes\" \/>\n<script type=\"application\/ld+json\" class=\"yoast-schema-graph\">{\"@context\":\"https:\/\/schema.org\",\"@graph\":[{\"@type\":\"WebPage\",\"@id\":\"https:\/\/cottoetrusco.it\/fr\/art-et-design\/\",\"url\":\"https:\/\/cottoetrusco.it\/fr\/art-et-design\/\",\"name\":\"Art et Design | Cotto Etrusco\",\"isPartOf\":{\"@id\":\"https:\/\/cottoetrusco.it\/#website\"},\"datePublished\":\"2022-07-08T13:34:42+00:00\",\"dateModified\":\"2022-09-27T12:49:21+00:00\",\"description\":\"Des techniques uniques, en partie secr\u00e8tes, red\u00e9couvertes et utilis\u00e9es avec un concept contemporain et qui sont la base de l\u2019\u00e9l\u00e9gance et de l\u2019exclusivit\u00e9 de COTTOETRUSCO.\",\"breadcrumb\":{\"@id\":\"https:\/\/cottoetrusco.it\/fr\/art-et-design\/#breadcrumb\"},\"inLanguage\":\"fr-FR\",\"potentialAction\":[{\"@type\":\"ReadAction\",\"target\":[\"https:\/\/cottoetrusco.it\/fr\/art-et-design\/\"]}]},{\"@type\":\"BreadcrumbList\",\"@id\":\"https:\/\/cottoetrusco.it\/fr\/art-et-design\/#breadcrumb\",\"itemListElement\":[{\"@type\":\"ListItem\",\"position\":1,\"name\":\"Home\",\"item\":\"https:\/\/cottoetrusco.it\/fr\/\"},{\"@type\":\"ListItem\",\"position\":2,\"name\":\"Art et Design\"}]},{\"@type\":\"WebSite\",\"@id\":\"https:\/\/cottoetrusco.it\/#website\",\"url\":\"https:\/\/cottoetrusco.it\/\",\"name\":\"Cotto Etrusco\",\"description\":\"Perfect Imperfections\",\"publisher\":{\"@id\":\"https:\/\/cottoetrusco.it\/#organization\"},\"potentialAction\":[{\"@type\":\"SearchAction\",\"target\":{\"@type\":\"EntryPoint\",\"urlTemplate\":\"https:\/\/cottoetrusco.it\/?s={search_term_string}\"},\"query-input\":\"required name=search_term_string\"}],\"inLanguage\":\"fr-FR\"},{\"@type\":\"Organization\",\"@id\":\"https:\/\/cottoetrusco.it\/#organization\",\"name\":\"Cotto Etrusco\",\"url\":\"https:\/\/cottoetrusco.it\/\",\"logo\":{\"@type\":\"ImageObject\",\"inLanguage\":\"fr-FR\",\"@id\":\"https:\/\/cottoetrusco.it\/#\/schema\/logo\/image\/\",\"url\":\"https:\/\/cottoetrusco.it\/wp-content\/uploads\/2022\/03\/CottoEtruscoBlu.png\",\"contentUrl\":\"https:\/\/cottoetrusco.it\/wp-content\/uploads\/2022\/03\/CottoEtruscoBlu.png\",\"width\":800,\"height\":348,\"caption\":\"Cotto Etrusco\"},\"image\":{\"@id\":\"https:\/\/cottoetrusco.it\/#\/schema\/logo\/image\/\"},\"sameAs\":[\"https:\/\/www.facebook.com\/cottoetrusco\/\"]}]}<\/script>\n<!-- \/ Yoast SEO plugin. -->","yoast_head_json":{"title":"Art et Design | Cotto Etrusco","description":"Des techniques uniques, en partie secr\u00e8tes, red\u00e9couvertes et utilis\u00e9es avec un concept contemporain et qui sont la base de l\u2019\u00e9l\u00e9gance et de l\u2019exclusivit\u00e9 de COTTOETRUSCO.","robots":{"index":"index","follow":"follow","max-snippet":"max-snippet:-1","max-image-preview":"max-image-preview:large","max-video-preview":"max-video-preview:-1"},"canonical":"https:\/\/cottoetrusco.it\/fr\/art-et-design\/","og_locale":"fr_FR","og_type":"article","og_title":"Art et Design | Cotto Etrusco","og_description":"Des techniques uniques, en partie secr\u00e8tes, red\u00e9couvertes et utilis\u00e9es avec un concept contemporain et qui sont la base de l\u2019\u00e9l\u00e9gance et de l\u2019exclusivit\u00e9 de COTTOETRUSCO.","og_url":"https:\/\/cottoetrusco.it\/fr\/art-et-design\/","og_site_name":"Cotto Etrusco","article_publisher":"https:\/\/www.facebook.com\/cottoetrusco\/","article_modified_time":"2022-09-27T12:49:21+00:00","og_image":[{"url":"https:\/\/cottoetrusco.it\/wp-content\/uploads\/2022\/07\/cottoetrusco_logo_colore.png"}],"twitter_card":"summary_large_image","twitter_misc":{"Dur\u00e9e de lecture estim\u00e9e":"4 minutes"},"schema":{"@context":"https:\/\/schema.org","@graph":[{"@type":"WebPage","@id":"https:\/\/cottoetrusco.it\/fr\/art-et-design\/","url":"https:\/\/cottoetrusco.it\/fr\/art-et-design\/","name":"Art et Design | Cotto Etrusco","isPartOf":{"@id":"https:\/\/cottoetrusco.it\/#website"},"datePublished":"2022-07-08T13:34:42+00:00","dateModified":"2022-09-27T12:49:21+00:00","description":"Des techniques uniques, en partie secr\u00e8tes, red\u00e9couvertes et utilis\u00e9es avec un concept contemporain et qui sont la base de l\u2019\u00e9l\u00e9gance et de l\u2019exclusivit\u00e9 de COTTOETRUSCO.","breadcrumb":{"@id":"https:\/\/cottoetrusco.it\/fr\/art-et-design\/#breadcrumb"},"inLanguage":"fr-FR","potentialAction":[{"@type":"ReadAction","target":["https:\/\/cottoetrusco.it\/fr\/art-et-design\/"]}]},{"@type":"BreadcrumbList","@id":"https:\/\/cottoetrusco.it\/fr\/art-et-design\/#breadcrumb","itemListElement":[{"@type":"ListItem","position":1,"name":"Home","item":"https:\/\/cottoetrusco.it\/fr\/"},{"@type":"ListItem","position":2,"name":"Art et Design"}]},{"@type":"WebSite","@id":"https:\/\/cottoetrusco.it\/#website","url":"https:\/\/cottoetrusco.it\/","name":"Cotto Etrusco","description":"Perfect Imperfections","publisher":{"@id":"https:\/\/cottoetrusco.it\/#organization"},"potentialAction":[{"@type":"SearchAction","target":{"@type":"EntryPoint","urlTemplate":"https:\/\/cottoetrusco.it\/?s={search_term_string}"},"query-input":"required name=search_term_string"}],"inLanguage":"fr-FR"},{"@type":"Organization","@id":"https:\/\/cottoetrusco.it\/#organization","name":"Cotto Etrusco","url":"https:\/\/cottoetrusco.it\/","logo":{"@type":"ImageObject","inLanguage":"fr-FR","@id":"https:\/\/cottoetrusco.it\/#\/schema\/logo\/image\/","url":"https:\/\/cottoetrusco.it\/wp-content\/uploads\/2022\/03\/CottoEtruscoBlu.png","contentUrl":"https:\/\/cottoetrusco.it\/wp-content\/uploads\/2022\/03\/CottoEtruscoBlu.png","width":800,"height":348,"caption":"Cotto Etrusco"},"image":{"@id":"https:\/\/cottoetrusco.it\/#\/schema\/logo\/image\/"},"sameAs":["https:\/\/www.facebook.com\/cottoetrusco\/"]}]}},"_links":{"self":[{"href":"https:\/\/cottoetrusco.it\/fr\/wp-json\/wp\/v2\/pages\/8523","targetHints":{"allow":["GET"]}}],"collection":[{"href":"https:\/\/cottoetrusco.it\/fr\/wp-json\/wp\/v2\/pages"}],"about":[{"href":"https:\/\/cottoetrusco.it\/fr\/wp-json\/wp\/v2\/types\/page"}],"author":[{"embeddable":true,"href":"https:\/\/cottoetrusco.it\/fr\/wp-json\/wp\/v2\/users\/1"}],"replies":[{"embeddable":true,"href":"https:\/\/cottoetrusco.it\/fr\/wp-json\/wp\/v2\/comments?post=8523"}],"version-history":[{"count":5,"href":"https:\/\/cottoetrusco.it\/fr\/wp-json\/wp\/v2\/pages\/8523\/revisions"}],"predecessor-version":[{"id":8528,"href":"https:\/\/cottoetrusco.it\/fr\/wp-json\/wp\/v2\/pages\/8523\/revisions\/8528"}],"wp:attachment":[{"href":"https:\/\/cottoetrusco.it\/fr\/wp-json\/wp\/v2\/media?parent=8523"}],"curies":[{"name":"wp","href":"https:\/\/api.w.org\/{rel}","templated":true}]}}