{"id":8514,"date":"2022-03-21T14:52:52","date_gmt":"2022-03-21T13:52:52","guid":{"rendered":"https:\/\/cottoetrusco.it\/brand\/"},"modified":"2023-02-21T10:07:45","modified_gmt":"2023-02-21T09:07:45","slug":"brand","status":"publish","type":"page","link":"https:\/\/cottoetrusco.it\/fr\/brand\/","title":{"rendered":"Brand"},"content":{"rendered":"<p>[vc_row content_width=\u00a0\u00bbfull\u00a0\u00bb equal_height=\u00a0\u00bb\u00a0\u00bb hide_class=\u00a0\u00bbwvc-hide-tablet\u00a0\u00bb font_color=\u00a0\u00bbdark\u00a0\u00bb background_type=\u00a0\u00bbimage\u00a0\u00bb background_img=\u00a0\u00bb8601&Prime; background_size=\u00a0\u00bbdefault\u00a0\u00bb background_effect=\u00a0\u00bbparallax\u00a0\u00bb background_img_lazyload=\u00a0\u00bb1&Prime; add_overlay=\u00a0\u00bbyes\u00a0\u00bb overlay_opacity=\u00a0\u00bb55&Prime; add_top_shape_divider=\u00a0\u00bbyes\u00a0\u00bb shift_y=\u00a0\u00bb0&Prime; z_index=\u00a0\u00bb0&Prime; css=\u00a0\u00bb.vc_custom_1676970455298{margin-top: 0px !important;margin-bottom: 0px !important;}\u00a0\u00bb][vc_column shift_x=\u00a0\u00bb0&Prime; shift_y=\u00a0\u00bb0&Prime; z_index=\u00a0\u00bb0&Prime; css=\u00a0\u00bb.vc_custom_1647871707870{margin-top: 0px !important;padding-top: 130px !important;padding-bottom: 130px !important;}\u00a0\u00bb][vc_row_inner container_width=\u00a0\u00bbstandard\u00a0\u00bb font_color=\u00a0\u00bblight\u00a0\u00bb background_type=\u00a0\u00bbtransparent\u00a0\u00bb add_top_shape_divider=\u00a0\u00bbyes\u00a0\u00bb add_particles=\u00a0\u00bbyes\u00a0\u00bb css=\u00a0\u00bb.vc_custom_1647871422009{margin-top: 0px !important;}\u00a0\u00bb][vc_column_inner width=\u00a0\u00bb1\/2&Prime;][vc_column_text inline_style=\u00a0\u00bbtext-align:justify;\u00a0\u00bb]COTTOETRUSCO est le r\u00e9sultat du mariage parfait entre la tradition c\u00e9ramique la plus antique et le design contemporain. Tout na\u00eet de la volont\u00e9 de relancer un four antique qui usinait des argiles s\u00e9dimentaires tir\u00e9es d\u2019une carri\u00e8re d\u2019origine \u00e9trusque. La collaboration d\u00e9cisive de nos designers avec des experts Ma\u00eetres artisans a permis tout d\u2019abord de red\u00e9couvrir des techniques de production antiques, des formules secr\u00e8tes de p\u00e2tes et \u00e9maux, puis de r\u00e9aliser des produits de qualit\u00e9 unique, innovante avec des finitions et des solutions chromatiques extr\u00eamement actuelles.[\/vc_column_text][\/vc_column_inner][vc_column_inner width=\u00a0\u00bb1\/2&Prime;][vc_custom_heading text=\u00a0\u00bbTradition et<br \/>\nDesign\u00a0\u00bb font_size=\u00a0\u00bb70&Prime; text_align=\u00a0\u00bbright\u00a0\u00bb text_align_mobile=\u00a0\u00bbcenter\u00a0\u00bb color=\u00a0\u00bblightergrey\u00a0\u00bb font_weight=\u00a0\u00bb300&Prime; text_transform=\u00a0\u00bbuppercase\u00a0\u00bb][\/vc_column_inner][\/vc_row_inner][\/vc_column][\/vc_row][vc_row content_width=\u00a0\u00bbfull\u00a0\u00bb equal_height=\u00a0\u00bb\u00a0\u00bb hide_class=\u00a0\u00bbwvc-show-tablet\u00a0\u00bb font_color=\u00a0\u00bbdark\u00a0\u00bb background_type=\u00a0\u00bbimage\u00a0\u00bb background_img=\u00a0\u00bb8601&Prime; background_size=\u00a0\u00bbdefault\u00a0\u00bb background_effect=\u00a0\u00bbparallax\u00a0\u00bb background_img_lazyload=\u00a0\u00bb1&Prime; add_overlay=\u00a0\u00bbyes\u00a0\u00bb overlay_opacity=\u00a0\u00bb55&Prime; add_top_shape_divider=\u00a0\u00bbyes\u00a0\u00bb shift_y=\u00a0\u00bb0&Prime; z_index=\u00a0\u00bb0&Prime; css=\u00a0\u00bb.vc_custom_1676970463893{margin-top: 0px !important;margin-bottom: 0px !important;}\u00a0\u00bb inline_style=\u00a0\u00bbpadding:40px;\u00a0\u00bb][vc_column shift_x=\u00a0\u00bb0&Prime; shift_y=\u00a0\u00bb0&Prime; z_index=\u00a0\u00bb0&Prime; css=\u00a0\u00bb.vc_custom_1647871707870{margin-top: 0px !important;padding-top: 130px !important;padding-bottom: 130px !important;}\u00a0\u00bb][vc_custom_heading text=\u00a0\u00bbTradition et<br \/>\nDesign\u00a0\u00bb font_size=\u00a0\u00bb30&Prime; text_align=\u00a0\u00bbright\u00a0\u00bb text_align_mobile=\u00a0\u00bbcenter\u00a0\u00bb color=\u00a0\u00bblightergrey\u00a0\u00bb font_weight=\u00a0\u00bb300&Prime; text_transform=\u00a0\u00bbuppercase\u00a0\u00bb][vc_row_inner container_width=\u00a0\u00bbstandard\u00a0\u00bb font_color=\u00a0\u00bblight\u00a0\u00bb background_type=\u00a0\u00bbtransparent\u00a0\u00bb add_top_shape_divider=\u00a0\u00bbyes\u00a0\u00bb add_particles=\u00a0\u00bbyes\u00a0\u00bb css=\u00a0\u00bb.vc_custom_1647871422009{margin-top: 0px !important;}\u00a0\u00bb][vc_column_inner][vc_column_text inline_style=\u00a0\u00bbtext-align:justify;\u00a0\u00bb]COTTOETRUSCO est le r\u00e9sultat du mariage parfait entre la tradition c\u00e9ramique la plus antique et le design contemporain. Tout na\u00eet de la volont\u00e9 de relancer un four antique qui usinait des argiles s\u00e9dimentaires tir\u00e9es d\u2019une carri\u00e8re d\u2019origine \u00e9trusque. La collaboration d\u00e9cisive de nos designers avec des experts Ma\u00eetres artisans a permis tout d\u2019abord de red\u00e9couvrir des techniques de production antiques, des formules secr\u00e8tes de p\u00e2tes et \u00e9maux, puis de r\u00e9aliser des produits de qualit\u00e9 unique, innovante avec des finitions et des solutions chromatiques extr\u00eamement actuelles.[\/vc_column_text][\/vc_column_inner][\/vc_row_inner][\/vc_column][\/vc_row][vc_row content_width=\u00a0\u00bbfull\u00a0\u00bb equal_height=\u00a0\u00bb\u00a0\u00bb hide_class=\u00a0\u00bbwvc-hide-tablet\u00a0\u00bb font_color=\u00a0\u00bbdark\u00a0\u00bb background_type=\u00a0\u00bbimage\u00a0\u00bb background_img=\u00a0\u00bb5860&Prime; background_size=\u00a0\u00bbdefault\u00a0\u00bb background_effect=\u00a0\u00bbparallax\u00a0\u00bb background_img_lazyload=\u00a0\u00bb1&Prime; add_overlay=\u00a0\u00bbyes\u00a0\u00bb overlay_opacity=\u00a0\u00bb55&Prime; add_top_shape_divider=\u00a0\u00bbyes\u00a0\u00bb shift_y=\u00a0\u00bb0&Prime; z_index=\u00a0\u00bb0&Prime; css=\u00a0\u00bb.vc_custom_1657285864947{margin-top: 0px !important;margin-bottom: 0px !important;}\u00a0\u00bb][vc_column shift_x=\u00a0\u00bb0&Prime; shift_y=\u00a0\u00bb0&Prime; z_index=\u00a0\u00bb0&Prime; css=\u00a0\u00bb.vc_custom_1647871707870{margin-top: 0px !important;padding-top: 130px !important;padding-bottom: 130px !important;}\u00a0\u00bb][vc_row_inner container_width=\u00a0\u00bbstandard\u00a0\u00bb font_color=\u00a0\u00bblight\u00a0\u00bb background_type=\u00a0\u00bbtransparent\u00a0\u00bb add_top_shape_divider=\u00a0\u00bbyes\u00a0\u00bb add_particles=\u00a0\u00bbyes\u00a0\u00bb css=\u00a0\u00bb.vc_custom_1647871422009{margin-top: 0px !important;}\u00a0\u00bb][vc_column_inner width=\u00a0\u00bb1\/2&Prime;][vc_custom_heading text=\u00a0\u00bb\u00c9cologique<br \/>\n\u00e9codurable\u00a0\u00bb font_size=\u00a0\u00bb70&Prime; text_align=\u00a0\u00bbleft\u00a0\u00bb text_align_mobile=\u00a0\u00bbcenter\u00a0\u00bb color=\u00a0\u00bblightergrey\u00a0\u00bb font_weight=\u00a0\u00bb300&Prime; text_transform=\u00a0\u00bbuppercase\u00a0\u00bb][\/vc_column_inner][vc_column_inner width=\u00a0\u00bb1\/2&Prime;][vc_column_text inline_style=\u00a0\u00bbtext-align:justify;\u00a0\u00bb]COTTOETRUSCO a r\u00e9alis\u00e9 un cycle productif 100% \u00c9COLOGIQUE et \u00c9CODURABLE.<\/p>\n<p>Les argiles naturelles sont travaill\u00e9es \u00e0 la main, en premi\u00e8re cuisson dans des fours traditionnels avec du bois provenant de for\u00eats g\u00e9r\u00e9es \u00e9thiquement et en deuxi\u00e8me cuisson dans des fours \u00e9lectriques 100% \u00e0 \u00e9nergie solaire. Les colorations sont effectu\u00e9es uniquement avec des oxydes naturels.[\/vc_column_text][\/vc_column_inner][\/vc_row_inner][\/vc_column][\/vc_row][vc_row content_width=\u00a0\u00bbfull\u00a0\u00bb equal_height=\u00a0\u00bb\u00a0\u00bb hide_class=\u00a0\u00bbwvc-show-tablet\u00a0\u00bb font_color=\u00a0\u00bbdark\u00a0\u00bb background_type=\u00a0\u00bbimage\u00a0\u00bb background_img=\u00a0\u00bb5860&Prime; background_size=\u00a0\u00bbdefault\u00a0\u00bb background_effect=\u00a0\u00bbparallax\u00a0\u00bb background_img_lazyload=\u00a0\u00bb1&Prime; add_overlay=\u00a0\u00bbyes\u00a0\u00bb overlay_opacity=\u00a0\u00bb55&Prime; add_top_shape_divider=\u00a0\u00bbyes\u00a0\u00bb shift_y=\u00a0\u00bb0&Prime; z_index=\u00a0\u00bb0&Prime; css=\u00a0\u00bb.vc_custom_1657285913946{margin-top: 0px !important;margin-bottom: 0px !important;}\u00a0\u00bb inline_style=\u00a0\u00bbpadding:40px;\u00a0\u00bb][vc_column shift_x=\u00a0\u00bb0&Prime; shift_y=\u00a0\u00bb0&Prime; z_index=\u00a0\u00bb0&Prime; css=\u00a0\u00bb.vc_custom_1647871707870{margin-top: 0px !important;padding-top: 130px !important;padding-bottom: 130px !important;}\u00a0\u00bb][vc_row_inner container_width=\u00a0\u00bbstandard\u00a0\u00bb font_color=\u00a0\u00bblight\u00a0\u00bb background_type=\u00a0\u00bbtransparent\u00a0\u00bb add_top_shape_divider=\u00a0\u00bbyes\u00a0\u00bb add_particles=\u00a0\u00bbyes\u00a0\u00bb css=\u00a0\u00bb.vc_custom_1647871422009{margin-top: 0px !important;}\u00a0\u00bb][vc_column_inner][vc_custom_heading text=\u00a0\u00bb\u00c9cologique<br \/>\n\u00e9codurable\u00a0\u00bb font_size=\u00a0\u00bb30&Prime; text_align=\u00a0\u00bbleft\u00a0\u00bb text_align_mobile=\u00a0\u00bbcenter\u00a0\u00bb color=\u00a0\u00bblightergrey\u00a0\u00bb font_weight=\u00a0\u00bb300&Prime; text_transform=\u00a0\u00bbuppercase\u00a0\u00bb][vc_column_text inline_style=\u00a0\u00bbtext-align:justify;\u00a0\u00bb]COTTOETRUSCO a r\u00e9alis\u00e9 un cycle productif 100% \u00c9COLOGIQUE et \u00c9CODURABLE.<\/p>\n<p>Les argiles naturelles sont travaill\u00e9es \u00e0 la main, en premi\u00e8re cuisson dans des fours traditionnels avec du bois provenant de for\u00eats g\u00e9r\u00e9es \u00e9thiquement et en deuxi\u00e8me cuisson dans des fours \u00e9lectriques 100% \u00e0 \u00e9nergie solaire. Les colorations sont effectu\u00e9es uniquement avec des oxydes naturels.[\/vc_column_text][\/vc_column_inner][\/vc_row_inner][\/vc_column][\/vc_row][vc_row content_width=\u00a0\u00bbfull\u00a0\u00bb equal_height=\u00a0\u00bb\u00a0\u00bb hide_class=\u00a0\u00bbwvc-hide-tablet\u00a0\u00bb font_color=\u00a0\u00bbdark\u00a0\u00bb background_type=\u00a0\u00bbimage\u00a0\u00bb background_img=\u00a0\u00bb5867&Prime; background_size=\u00a0\u00bbdefault\u00a0\u00bb background_effect=\u00a0\u00bbmarquee\u00a0\u00bb background_img_lazyload=\u00a0\u00bb1&Prime; add_overlay=\u00a0\u00bbyes\u00a0\u00bb overlay_opacity=\u00a0\u00bb55&Prime; add_top_shape_divider=\u00a0\u00bbyes\u00a0\u00bb shift_y=\u00a0\u00bb0&Prime; z_index=\u00a0\u00bb0&Prime; css=\u00a0\u00bb.vc_custom_1657285971270{margin-top: 0px !important;margin-bottom: 0px !important;}\u00a0\u00bb][vc_column shift_x=\u00a0\u00bb0&Prime; shift_y=\u00a0\u00bb0&Prime; z_index=\u00a0\u00bb0&Prime; css=\u00a0\u00bb.vc_custom_1647871707870{margin-top: 0px !important;padding-top: 130px !important;padding-bottom: 130px !important;}\u00a0\u00bb][vc_row_inner container_width=\u00a0\u00bbstandard\u00a0\u00bb font_color=\u00a0\u00bblight\u00a0\u00bb background_type=\u00a0\u00bbtransparent\u00a0\u00bb add_top_shape_divider=\u00a0\u00bbyes\u00a0\u00bb add_particles=\u00a0\u00bbyes\u00a0\u00bb css=\u00a0\u00bb.vc_custom_1647871422009{margin-top: 0px !important;}\u00a0\u00bb][vc_column_inner width=\u00a0\u00bb1\/2&Prime;][vc_column_text inline_style=\u00a0\u00bbtext-align:justify;\u00a0\u00bb]COTTOETRUSCO consid\u00e8re la recherche comme l\u2019\u00e9l\u00e9ment strat\u00e9gique du d\u00e9veloppement d\u2019entreprise. Dans le laboratoire interne, des designers et experts sp\u00e9cialistes de l\u2019art c\u00e9ramique exp\u00e9rimentent de nouvelles p\u00e2tes, de nouvelles finitions, en pr\u00eatant \u00e9galement attention aux demandes personnalis\u00e9es et exclusives.<\/p>\n<p>Le r\u00e9sultat : des produits de qualit\u00e9 \u00e9lev\u00e9e, toujours uniques, en phase avec l\u2019\u00e9volution de l\u2019habitat et de la culture contemporaine.[\/vc_column_text][\/vc_column_inner][vc_column_inner width=\u00a0\u00bb1\/2&Prime;][vc_custom_heading text=\u00a0\u00bbLaboratoire<br \/>\nRecherche\u00a0\u00bb font_size=\u00a0\u00bb70&Prime; text_align=\u00a0\u00bbright\u00a0\u00bb text_align_mobile=\u00a0\u00bbcenter\u00a0\u00bb color=\u00a0\u00bblightergrey\u00a0\u00bb font_weight=\u00a0\u00bb300&Prime; text_transform=\u00a0\u00bbuppercase\u00a0\u00bb][\/vc_column_inner][\/vc_row_inner][\/vc_column][\/vc_row][vc_row content_width=\u00a0\u00bbfull\u00a0\u00bb equal_height=\u00a0\u00bb\u00a0\u00bb hide_class=\u00a0\u00bbwvc-show-tablet\u00a0\u00bb font_color=\u00a0\u00bbdark\u00a0\u00bb background_type=\u00a0\u00bbimage\u00a0\u00bb background_img=\u00a0\u00bb5867&Prime; background_size=\u00a0\u00bbdefault\u00a0\u00bb background_effect=\u00a0\u00bbmarquee\u00a0\u00bb background_img_lazyload=\u00a0\u00bb1&Prime; add_overlay=\u00a0\u00bbyes\u00a0\u00bb overlay_opacity=\u00a0\u00bb55&Prime; add_top_shape_divider=\u00a0\u00bbyes\u00a0\u00bb shift_y=\u00a0\u00bb0&Prime; z_index=\u00a0\u00bb0&Prime; css=\u00a0\u00bb.vc_custom_1657285992061{margin-top: 0px !important;margin-bottom: 0px !important;}\u00a0\u00bb inline_style=\u00a0\u00bbpadding:40px;\u00a0\u00bb][vc_column shift_x=\u00a0\u00bb0&Prime; shift_y=\u00a0\u00bb0&Prime; z_index=\u00a0\u00bb0&Prime; css=\u00a0\u00bb.vc_custom_1647871707870{margin-top: 0px !important;padding-top: 130px !important;padding-bottom: 130px !important;}\u00a0\u00bb][vc_row_inner container_width=\u00a0\u00bbstandard\u00a0\u00bb font_color=\u00a0\u00bblight\u00a0\u00bb background_type=\u00a0\u00bbtransparent\u00a0\u00bb add_top_shape_divider=\u00a0\u00bbyes\u00a0\u00bb add_particles=\u00a0\u00bbyes\u00a0\u00bb css=\u00a0\u00bb.vc_custom_1647871422009{margin-top: 0px !important;}\u00a0\u00bb][vc_column_inner][vc_custom_heading text=\u00a0\u00bbLaboratoire<br \/>\nRecherche\u00a0\u00bb font_size=\u00a0\u00bb30&Prime; text_align=\u00a0\u00bbright\u00a0\u00bb text_align_mobile=\u00a0\u00bbcenter\u00a0\u00bb color=\u00a0\u00bblightergrey\u00a0\u00bb font_weight=\u00a0\u00bb300&Prime; text_transform=\u00a0\u00bbuppercase\u00a0\u00bb][vc_column_text inline_style=\u00a0\u00bbtext-align:justify;\u00a0\u00bb]COTTOETRUSCO consid\u00e8re la recherche comme l\u2019\u00e9l\u00e9ment strat\u00e9gique du d\u00e9veloppement d\u2019entreprise. Dans le laboratoire interne, des designers et experts sp\u00e9cialistes de l\u2019art c\u00e9ramique exp\u00e9rimentent de nouvelles p\u00e2tes, de nouvelles finitions, en pr\u00eatant \u00e9galement attention aux demandes personnalis\u00e9es et exclusives.<\/p>\n<p>Le r\u00e9sultat : des produits de qualit\u00e9 \u00e9lev\u00e9e, toujours uniques, en phase avec l\u2019\u00e9volution de l\u2019habitat et de la culture contemporaine.[\/vc_column_text][\/vc_column_inner][\/vc_row_inner][\/vc_column][\/vc_row]<\/p>\n","protected":false},"excerpt":{"rendered":"<p>[vc_row content_width=\u00a0\u00bbfull\u00a0\u00bb equal_height=\u00a0\u00bb\u00a0\u00bb hide_class=\u00a0\u00bbwvc-hide-tablet\u00a0\u00bb font_color=\u00a0\u00bbdark\u00a0\u00bb background_type=\u00a0\u00bbimage\u00a0\u00bb background_img=\u00a0\u00bb8601&Prime; background_size=\u00a0\u00bbdefault\u00a0\u00bb background_effect=\u00a0\u00bbparallax\u00a0\u00bb background_img_lazyload=\u00a0\u00bb1&Prime; add_overlay=\u00a0\u00bbyes\u00a0\u00bb overlay_opacity=\u00a0\u00bb55&Prime; add_top_shape_divider=\u00a0\u00bbyes\u00a0\u00bb shift_y=\u00a0\u00bb0&Prime; z_index=\u00a0\u00bb0&Prime; css=\u00a0\u00bb.vc_custom_1676970455298{margin-top: 0px !important;margin-bottom: 0px !important;}\u00a0\u00bb][vc_column shift_x=\u00a0\u00bb0&Prime; shift_y=\u00a0\u00bb0&Prime; z_index=\u00a0\u00bb0&Prime; css=\u00a0\u00bb.vc_custom_1647871707870{margin-top: 0px !important;padding-top: 130px !important;padding-bottom: 130px !important;}\u00a0\u00bb][vc_row_inner container_width=\u00a0\u00bbstandard\u00a0\u00bb font_color=\u00a0\u00bblight\u00a0\u00bb background_type=\u00a0\u00bbtransparent\u00a0\u00bb add_top_shape_divider=\u00a0\u00bbyes\u00a0\u00bb add_particles=\u00a0\u00bbyes\u00a0\u00bb css=\u00a0\u00bb.vc_custom_1647871422009{margin-top: 0px !important;}\u00a0\u00bb][vc_column_inner width=\u00a0\u00bb1\/2&Prime;][vc_column_text inline_style=\u00a0\u00bbtext-align:justify;\u00a0\u00bb]COTTOETRUSCO est le r\u00e9sultat du mariage parfait entre la tradition c\u00e9ramique la plus antique et le&#8230;<\/p>\n<p><a rel=\"bookmark\" class=\"hares_button_alt wvc-button wvc-button-size-xs\" href=\"https:\/\/cottoetrusco.it\/fr\/brand\/\"><span>Continue reading<\/span><\/a><\/p>\n","protected":false},"author":1,"featured_media":0,"parent":0,"menu_order":0,"comment_status":"closed","ping_status":"closed","template":"","meta":{"footnotes":""},"class_list":{"0":"post-8514","1":"page","2":"type-page","3":"status-publish","4":"hentry","5":"entry","6":"clearfix","7":"entry-grid","8":"entry-columns-default","9":"entry-page-module-layout-standard","10":"no-post-thumbnail","11":"entry-page","13":"entry-page-grid"},"yoast_head":"<!-- This site is optimized with the Yoast SEO plugin v19.9 - https:\/\/yoast.com\/wordpress\/plugins\/seo\/ -->\n<title>Terre cuite faite avec des argiles naturelles pi\u00e9tin\u00e9es \u00e0 la main | Cotto Etrusco<\/title>\n<meta name=\"description\" content=\"Tout na\u00eet de la volont\u00e9 de relancer un four antique qui usinait des argiles s\u00e9dimentaires tir\u00e9es d\u2019une carri\u00e8re d\u2019origine \u00e9trusque.\" \/>\n<meta name=\"robots\" content=\"index, follow, max-snippet:-1, max-image-preview:large, max-video-preview:-1\" \/>\n<link rel=\"canonical\" href=\"https:\/\/cottoetrusco.it\/fr\/brand\/\" \/>\n<meta property=\"og:locale\" content=\"fr_FR\" \/>\n<meta property=\"og:type\" content=\"article\" \/>\n<meta property=\"og:title\" content=\"Terre cuite faite avec des argiles naturelles pi\u00e9tin\u00e9es \u00e0 la main | Cotto Etrusco\" \/>\n<meta property=\"og:description\" content=\"Tout na\u00eet de la volont\u00e9 de relancer un four antique qui usinait des argiles s\u00e9dimentaires tir\u00e9es d\u2019une carri\u00e8re d\u2019origine \u00e9trusque.\" \/>\n<meta property=\"og:url\" content=\"https:\/\/cottoetrusco.it\/fr\/brand\/\" \/>\n<meta property=\"og:site_name\" content=\"Cotto Etrusco\" \/>\n<meta property=\"article:publisher\" content=\"https:\/\/www.facebook.com\/cottoetrusco\/\" \/>\n<meta property=\"article:modified_time\" content=\"2023-02-21T09:07:45+00:00\" \/>\n<meta name=\"twitter:card\" content=\"summary_large_image\" \/>\n<meta name=\"twitter:label1\" content=\"Dur\u00e9e de lecture estim\u00e9e\" \/>\n\t<meta name=\"twitter:data1\" content=\"4 minutes\" \/>\n<script type=\"application\/ld+json\" class=\"yoast-schema-graph\">{\"@context\":\"https:\/\/schema.org\",\"@graph\":[{\"@type\":\"WebPage\",\"@id\":\"https:\/\/cottoetrusco.it\/fr\/brand\/\",\"url\":\"https:\/\/cottoetrusco.it\/fr\/brand\/\",\"name\":\"Terre cuite faite avec des argiles naturelles pi\u00e9tin\u00e9es \u00e0 la main | Cotto Etrusco\",\"isPartOf\":{\"@id\":\"https:\/\/cottoetrusco.it\/#website\"},\"datePublished\":\"2022-03-21T13:52:52+00:00\",\"dateModified\":\"2023-02-21T09:07:45+00:00\",\"description\":\"Tout na\u00eet de la volont\u00e9 de relancer un four antique qui usinait des argiles s\u00e9dimentaires tir\u00e9es d\u2019une carri\u00e8re d\u2019origine \u00e9trusque.\",\"breadcrumb\":{\"@id\":\"https:\/\/cottoetrusco.it\/fr\/brand\/#breadcrumb\"},\"inLanguage\":\"fr-FR\",\"potentialAction\":[{\"@type\":\"ReadAction\",\"target\":[\"https:\/\/cottoetrusco.it\/fr\/brand\/\"]}]},{\"@type\":\"BreadcrumbList\",\"@id\":\"https:\/\/cottoetrusco.it\/fr\/brand\/#breadcrumb\",\"itemListElement\":[{\"@type\":\"ListItem\",\"position\":1,\"name\":\"Home\",\"item\":\"https:\/\/cottoetrusco.it\/fr\/\"},{\"@type\":\"ListItem\",\"position\":2,\"name\":\"Brand\"}]},{\"@type\":\"WebSite\",\"@id\":\"https:\/\/cottoetrusco.it\/#website\",\"url\":\"https:\/\/cottoetrusco.it\/\",\"name\":\"Cotto Etrusco\",\"description\":\"Perfect Imperfections\",\"publisher\":{\"@id\":\"https:\/\/cottoetrusco.it\/#organization\"},\"potentialAction\":[{\"@type\":\"SearchAction\",\"target\":{\"@type\":\"EntryPoint\",\"urlTemplate\":\"https:\/\/cottoetrusco.it\/?s={search_term_string}\"},\"query-input\":\"required name=search_term_string\"}],\"inLanguage\":\"fr-FR\"},{\"@type\":\"Organization\",\"@id\":\"https:\/\/cottoetrusco.it\/#organization\",\"name\":\"Cotto Etrusco\",\"url\":\"https:\/\/cottoetrusco.it\/\",\"logo\":{\"@type\":\"ImageObject\",\"inLanguage\":\"fr-FR\",\"@id\":\"https:\/\/cottoetrusco.it\/#\/schema\/logo\/image\/\",\"url\":\"https:\/\/cottoetrusco.it\/wp-content\/uploads\/2022\/03\/CottoEtruscoBlu.png\",\"contentUrl\":\"https:\/\/cottoetrusco.it\/wp-content\/uploads\/2022\/03\/CottoEtruscoBlu.png\",\"width\":800,\"height\":348,\"caption\":\"Cotto Etrusco\"},\"image\":{\"@id\":\"https:\/\/cottoetrusco.it\/#\/schema\/logo\/image\/\"},\"sameAs\":[\"https:\/\/www.facebook.com\/cottoetrusco\/\"]}]}<\/script>\n<!-- \/ Yoast SEO plugin. -->","yoast_head_json":{"title":"Terre cuite faite avec des argiles naturelles pi\u00e9tin\u00e9es \u00e0 la main | Cotto Etrusco","description":"Tout na\u00eet de la volont\u00e9 de relancer un four antique qui usinait des argiles s\u00e9dimentaires tir\u00e9es d\u2019une carri\u00e8re d\u2019origine \u00e9trusque.","robots":{"index":"index","follow":"follow","max-snippet":"max-snippet:-1","max-image-preview":"max-image-preview:large","max-video-preview":"max-video-preview:-1"},"canonical":"https:\/\/cottoetrusco.it\/fr\/brand\/","og_locale":"fr_FR","og_type":"article","og_title":"Terre cuite faite avec des argiles naturelles pi\u00e9tin\u00e9es \u00e0 la main | Cotto Etrusco","og_description":"Tout na\u00eet de la volont\u00e9 de relancer un four antique qui usinait des argiles s\u00e9dimentaires tir\u00e9es d\u2019une carri\u00e8re d\u2019origine \u00e9trusque.","og_url":"https:\/\/cottoetrusco.it\/fr\/brand\/","og_site_name":"Cotto Etrusco","article_publisher":"https:\/\/www.facebook.com\/cottoetrusco\/","article_modified_time":"2023-02-21T09:07:45+00:00","twitter_card":"summary_large_image","twitter_misc":{"Dur\u00e9e de lecture estim\u00e9e":"4 minutes"},"schema":{"@context":"https:\/\/schema.org","@graph":[{"@type":"WebPage","@id":"https:\/\/cottoetrusco.it\/fr\/brand\/","url":"https:\/\/cottoetrusco.it\/fr\/brand\/","name":"Terre cuite faite avec des argiles naturelles pi\u00e9tin\u00e9es \u00e0 la main | Cotto Etrusco","isPartOf":{"@id":"https:\/\/cottoetrusco.it\/#website"},"datePublished":"2022-03-21T13:52:52+00:00","dateModified":"2023-02-21T09:07:45+00:00","description":"Tout na\u00eet de la volont\u00e9 de relancer un four antique qui usinait des argiles s\u00e9dimentaires tir\u00e9es d\u2019une carri\u00e8re d\u2019origine \u00e9trusque.","breadcrumb":{"@id":"https:\/\/cottoetrusco.it\/fr\/brand\/#breadcrumb"},"inLanguage":"fr-FR","potentialAction":[{"@type":"ReadAction","target":["https:\/\/cottoetrusco.it\/fr\/brand\/"]}]},{"@type":"BreadcrumbList","@id":"https:\/\/cottoetrusco.it\/fr\/brand\/#breadcrumb","itemListElement":[{"@type":"ListItem","position":1,"name":"Home","item":"https:\/\/cottoetrusco.it\/fr\/"},{"@type":"ListItem","position":2,"name":"Brand"}]},{"@type":"WebSite","@id":"https:\/\/cottoetrusco.it\/#website","url":"https:\/\/cottoetrusco.it\/","name":"Cotto Etrusco","description":"Perfect Imperfections","publisher":{"@id":"https:\/\/cottoetrusco.it\/#organization"},"potentialAction":[{"@type":"SearchAction","target":{"@type":"EntryPoint","urlTemplate":"https:\/\/cottoetrusco.it\/?s={search_term_string}"},"query-input":"required name=search_term_string"}],"inLanguage":"fr-FR"},{"@type":"Organization","@id":"https:\/\/cottoetrusco.it\/#organization","name":"Cotto Etrusco","url":"https:\/\/cottoetrusco.it\/","logo":{"@type":"ImageObject","inLanguage":"fr-FR","@id":"https:\/\/cottoetrusco.it\/#\/schema\/logo\/image\/","url":"https:\/\/cottoetrusco.it\/wp-content\/uploads\/2022\/03\/CottoEtruscoBlu.png","contentUrl":"https:\/\/cottoetrusco.it\/wp-content\/uploads\/2022\/03\/CottoEtruscoBlu.png","width":800,"height":348,"caption":"Cotto Etrusco"},"image":{"@id":"https:\/\/cottoetrusco.it\/#\/schema\/logo\/image\/"},"sameAs":["https:\/\/www.facebook.com\/cottoetrusco\/"]}]}},"_links":{"self":[{"href":"https:\/\/cottoetrusco.it\/fr\/wp-json\/wp\/v2\/pages\/8514","targetHints":{"allow":["GET"]}}],"collection":[{"href":"https:\/\/cottoetrusco.it\/fr\/wp-json\/wp\/v2\/pages"}],"about":[{"href":"https:\/\/cottoetrusco.it\/fr\/wp-json\/wp\/v2\/types\/page"}],"author":[{"embeddable":true,"href":"https:\/\/cottoetrusco.it\/fr\/wp-json\/wp\/v2\/users\/1"}],"replies":[{"embeddable":true,"href":"https:\/\/cottoetrusco.it\/fr\/wp-json\/wp\/v2\/comments?post=8514"}],"version-history":[{"count":11,"href":"https:\/\/cottoetrusco.it\/fr\/wp-json\/wp\/v2\/pages\/8514\/revisions"}],"predecessor-version":[{"id":8604,"href":"https:\/\/cottoetrusco.it\/fr\/wp-json\/wp\/v2\/pages\/8514\/revisions\/8604"}],"wp:attachment":[{"href":"https:\/\/cottoetrusco.it\/fr\/wp-json\/wp\/v2\/media?parent=8514"}],"curies":[{"name":"wp","href":"https:\/\/api.w.org\/{rel}","templated":true}]}}